{"id":18272,"date":"2025-04-22T13:50:24","date_gmt":"2025-04-22T13:50:24","guid":{"rendered":"https:\/\/marouti.ma\/?post_type=product&#038;p=18272"},"modified":"2025-04-22T13:50:24","modified_gmt":"2025-04-22T13:50:24","slug":"porte-serviette-inox-60cm","status":"publish","type":"product","link":"https:\/\/marouti.ma\/index.php\/product\/porte-serviette-inox-60cm\/","title":{"rendered":"porte serviette inox 60cm"},"content":{"rendered":"<ul>\n<li>La construction en acier inoxydable 304 appara\u00eet clairement, soulignant sa robustesse et sa r\u00e9sistance \u00e0 la corrosion,<\/li>\n<li>La barre porte-serviettes inf\u00e9rieure est articul\u00e9e et peut \u00eatre relev\u00e9e \u00e0 90 degr\u00e9s contre le mur lorsqu&rsquo;elle n&rsquo;est pas utilis\u00e9e<\/li>\n<li>L&rsquo;\u00e9tag\u00e8re grillag\u00e9e offre une surface plane et a\u00e9r\u00e9e pour ranger plusieurs serviettes pli\u00e9es, des produits de bain ou des d\u00e9corations.<\/li>\n<\/ul>\n","protected":false},"excerpt":{"rendered":"<p>La construction en acier inoxydable 304 appara\u00eet clairement, soulignant sa robustesse et sa r\u00e9sistance \u00e0 la corrosion, La barre porte-serviettes<\/p>\n","protected":false},"featured_media":18273,"comment_status":"open","ping_status":"closed","template":"","meta":{"_themeisle_gutenberg_block_has_review":false,"_joinchat":[]},"product_cat":[566,569],"product_tag":[],"_links":{"self":[{"href":"https:\/\/marouti.ma\/index.php\/wp-json\/wp\/v2\/product\/18272"}],"collection":[{"href":"https:\/\/marouti.ma\/index.php\/wp-json\/wp\/v2\/product"}],"about":[{"href":"https:\/\/marouti.ma\/index.php\/wp-json\/wp\/v2\/types\/product"}],"replies":[{"embeddable":true,"href":"https:\/\/marouti.ma\/index.php\/wp-json\/wp\/v2\/comments?post=18272"}],"version-history":[{"count":1,"href":"https:\/\/marouti.ma\/index.php\/wp-json\/wp\/v2\/product\/18272\/revisions"}],"predecessor-version":[{"id":18275,"href":"https:\/\/marouti.ma\/index.php\/wp-json\/wp\/v2\/product\/18272\/revisions\/18275"}],"wp:featuredmedia":[{"embeddable":true,"href":"https:\/\/marouti.ma\/index.php\/wp-json\/wp\/v2\/media\/18273"}],"wp:attachment":[{"href":"https:\/\/marouti.ma\/index.php\/wp-json\/wp\/v2\/media?parent=18272"}],"wp:term":[{"taxonomy":"product_cat","embeddable":true,"href":"https:\/\/marouti.ma\/index.php\/wp-json\/wp\/v2\/product_cat?post=18272"},{"taxonomy":"product_tag","embeddable":true,"href":"https:\/\/marouti.ma\/index.php\/wp-json\/wp\/v2\/product_tag?post=18272"}],"curies":[{"name":"wp","href":"https:\/\/api.w.org\/{rel}","templated":true}]}}