{"id":18267,"date":"2025-04-22T13:45:47","date_gmt":"2025-04-22T13:45:47","guid":{"rendered":"https:\/\/marouti.ma\/?post_type=product&#038;p=18267"},"modified":"2025-04-22T13:45:47","modified_gmt":"2025-04-22T13:45:47","slug":"porte-serviette-304-inox-40-cm","status":"publish","type":"product","link":"https:\/\/marouti.ma\/index.php\/product\/porte-serviette-304-inox-40-cm\/","title":{"rendered":"porte serviette 304 inox 40 cm"},"content":{"rendered":"<ul>\n<li>un porte-serviettes pliable en acier inoxydable 304, probablement con\u00e7u pour une salle de bain.<\/li>\n<li>Fabriqu\u00e9 en acier inoxydable 304, ce qui garantit sa r\u00e9sistance \u00e0 la corrosion et sa durabilit\u00e9,<\/li>\n<li>Les barres sont con\u00e7ues pour suspendre les serviettes, permettant ainsi de les faire s\u00e9cher rapidement et facilement.<\/li>\n<\/ul>\n","protected":false},"excerpt":{"rendered":"<p>un porte-serviettes pliable en acier inoxydable 304, probablement con\u00e7u pour une salle de bain. Fabriqu\u00e9 en acier inoxydable 304, ce<\/p>\n","protected":false},"featured_media":18270,"comment_status":"open","ping_status":"closed","template":"","meta":{"_themeisle_gutenberg_block_has_review":false,"_joinchat":[]},"product_cat":[566,569],"product_tag":[],"_links":{"self":[{"href":"https:\/\/marouti.ma\/index.php\/wp-json\/wp\/v2\/product\/18267"}],"collection":[{"href":"https:\/\/marouti.ma\/index.php\/wp-json\/wp\/v2\/product"}],"about":[{"href":"https:\/\/marouti.ma\/index.php\/wp-json\/wp\/v2\/types\/product"}],"replies":[{"embeddable":true,"href":"https:\/\/marouti.ma\/index.php\/wp-json\/wp\/v2\/comments?post=18267"}],"version-history":[{"count":1,"href":"https:\/\/marouti.ma\/index.php\/wp-json\/wp\/v2\/product\/18267\/revisions"}],"predecessor-version":[{"id":18271,"href":"https:\/\/marouti.ma\/index.php\/wp-json\/wp\/v2\/product\/18267\/revisions\/18271"}],"wp:featuredmedia":[{"embeddable":true,"href":"https:\/\/marouti.ma\/index.php\/wp-json\/wp\/v2\/media\/18270"}],"wp:attachment":[{"href":"https:\/\/marouti.ma\/index.php\/wp-json\/wp\/v2\/media?parent=18267"}],"wp:term":[{"taxonomy":"product_cat","embeddable":true,"href":"https:\/\/marouti.ma\/index.php\/wp-json\/wp\/v2\/product_cat?post=18267"},{"taxonomy":"product_tag","embeddable":true,"href":"https:\/\/marouti.ma\/index.php\/wp-json\/wp\/v2\/product_tag?post=18267"}],"curies":[{"name":"wp","href":"https:\/\/api.w.org\/{rel}","templated":true}]}}