{"id":18262,"date":"2025-04-22T13:22:53","date_gmt":"2025-04-22T13:22:53","guid":{"rendered":"https:\/\/marouti.ma\/?post_type=product&#038;p=18262"},"modified":"2025-04-22T13:22:53","modified_gmt":"2025-04-22T13:22:53","slug":"porte-serviette-304-inox-60-cm","status":"publish","type":"product","link":"https:\/\/marouti.ma\/index.php\/product\/porte-serviette-304-inox-60-cm\/","title":{"rendered":"porte serviette 304 inox 60 cm"},"content":{"rendered":"<ul>\n<li>Le porte-serviettes est constitu\u00e9 de deux barres cylindriques et parall\u00e8les, solidement fix\u00e9es \u00e0 deux supports muraux situ\u00e9s \u00e0 chaque extr\u00e9mit\u00e9.<\/li>\n<li>Les barres elles-m\u00eames semblent \u00eatre des cylindres lisses et uniformes, probablement en m\u00e9tal.<\/li>\n<li>Les supports qui se fixent au mur sont de forme cylindrique, avec une base circulaire plate qui vient se plaquer contre la surface du mur.<\/li>\n<\/ul>\n","protected":false},"excerpt":{"rendered":"<p>Le porte-serviettes est constitu\u00e9 de deux barres cylindriques et parall\u00e8les, solidement fix\u00e9es \u00e0 deux supports muraux situ\u00e9s \u00e0 chaque extr\u00e9mit\u00e9.<\/p>\n","protected":false},"featured_media":18264,"comment_status":"open","ping_status":"closed","template":"","meta":{"_themeisle_gutenberg_block_has_review":false,"_joinchat":[]},"product_cat":[566,569],"product_tag":[],"_links":{"self":[{"href":"https:\/\/marouti.ma\/index.php\/wp-json\/wp\/v2\/product\/18262"}],"collection":[{"href":"https:\/\/marouti.ma\/index.php\/wp-json\/wp\/v2\/product"}],"about":[{"href":"https:\/\/marouti.ma\/index.php\/wp-json\/wp\/v2\/types\/product"}],"replies":[{"embeddable":true,"href":"https:\/\/marouti.ma\/index.php\/wp-json\/wp\/v2\/comments?post=18262"}],"version-history":[{"count":1,"href":"https:\/\/marouti.ma\/index.php\/wp-json\/wp\/v2\/product\/18262\/revisions"}],"predecessor-version":[{"id":18266,"href":"https:\/\/marouti.ma\/index.php\/wp-json\/wp\/v2\/product\/18262\/revisions\/18266"}],"wp:featuredmedia":[{"embeddable":true,"href":"https:\/\/marouti.ma\/index.php\/wp-json\/wp\/v2\/media\/18264"}],"wp:attachment":[{"href":"https:\/\/marouti.ma\/index.php\/wp-json\/wp\/v2\/media?parent=18262"}],"wp:term":[{"taxonomy":"product_cat","embeddable":true,"href":"https:\/\/marouti.ma\/index.php\/wp-json\/wp\/v2\/product_cat?post=18262"},{"taxonomy":"product_tag","embeddable":true,"href":"https:\/\/marouti.ma\/index.php\/wp-json\/wp\/v2\/product_tag?post=18262"}],"curies":[{"name":"wp","href":"https:\/\/api.w.org\/{rel}","templated":true}]}}