{"id":18248,"date":"2025-04-21T09:28:01","date_gmt":"2025-04-21T09:28:01","guid":{"rendered":"https:\/\/marouti.ma\/?post_type=product&#038;p=18248"},"modified":"2025-04-21T09:28:01","modified_gmt":"2025-04-21T09:28:01","slug":"porte-serviette-inox-60cm-cuivre","status":"publish","type":"product","link":"https:\/\/marouti.ma\/index.php\/product\/porte-serviette-inox-60cm-cuivre\/","title":{"rendered":"porte serviette inox 60cm cuivre"},"content":{"rendered":"<ul>\n<li>Ce support \u00e0 serviettes mural est \u00e9galement en <strong>acier inoxydable<\/strong>, mais avec une finition qui ressemble \u00e0 du <strong>cuivre<\/strong> ou du <strong>bronze<\/strong>,<\/li>\n<li>Une <strong>\u00e9tag\u00e8re sup\u00e9rieure<\/strong> constitu\u00e9e de barreaux horizontaux. Elle permet de ranger des serviettes pli\u00e9es ou d&rsquo;autres accessoires de salle de bain.<\/li>\n<li>Une <strong>barre porte-serviettes principale<\/strong> situ\u00e9e en dessous de l&rsquo;\u00e9tag\u00e8re, id\u00e9ale pour suspendre et faire s\u00e9cher les serviettes de bain.<\/li>\n<\/ul>\n","protected":false},"excerpt":{"rendered":"<p>Ce support \u00e0 serviettes mural est \u00e9galement en acier inoxydable, mais avec une finition qui ressemble \u00e0 du cuivre ou<\/p>\n","protected":false},"featured_media":18250,"comment_status":"open","ping_status":"closed","template":"","meta":{"_themeisle_gutenberg_block_has_review":false,"_joinchat":[]},"product_cat":[566,569],"product_tag":[],"_links":{"self":[{"href":"https:\/\/marouti.ma\/index.php\/wp-json\/wp\/v2\/product\/18248"}],"collection":[{"href":"https:\/\/marouti.ma\/index.php\/wp-json\/wp\/v2\/product"}],"about":[{"href":"https:\/\/marouti.ma\/index.php\/wp-json\/wp\/v2\/types\/product"}],"replies":[{"embeddable":true,"href":"https:\/\/marouti.ma\/index.php\/wp-json\/wp\/v2\/comments?post=18248"}],"version-history":[{"count":1,"href":"https:\/\/marouti.ma\/index.php\/wp-json\/wp\/v2\/product\/18248\/revisions"}],"predecessor-version":[{"id":18251,"href":"https:\/\/marouti.ma\/index.php\/wp-json\/wp\/v2\/product\/18248\/revisions\/18251"}],"wp:featuredmedia":[{"embeddable":true,"href":"https:\/\/marouti.ma\/index.php\/wp-json\/wp\/v2\/media\/18250"}],"wp:attachment":[{"href":"https:\/\/marouti.ma\/index.php\/wp-json\/wp\/v2\/media?parent=18248"}],"wp:term":[{"taxonomy":"product_cat","embeddable":true,"href":"https:\/\/marouti.ma\/index.php\/wp-json\/wp\/v2\/product_cat?post=18248"},{"taxonomy":"product_tag","embeddable":true,"href":"https:\/\/marouti.ma\/index.php\/wp-json\/wp\/v2\/product_tag?post=18248"}],"curies":[{"name":"wp","href":"https:\/\/api.w.org\/{rel}","templated":true}]}}