{"id":18245,"date":"2025-04-21T09:21:37","date_gmt":"2025-04-21T09:21:37","guid":{"rendered":"https:\/\/marouti.ma\/?post_type=product&#038;p=18245"},"modified":"2025-04-21T09:21:37","modified_gmt":"2025-04-21T09:21:37","slug":"porte-serviette-inox-60cm-dore","status":"publish","type":"product","link":"https:\/\/marouti.ma\/index.php\/product\/porte-serviette-inox-60cm-dore\/","title":{"rendered":"porte serviette inox 60cm dor\u00e9"},"content":{"rendered":"<ul>\n<li>Ce support \u00e0 serviettes mural est con\u00e7u en <strong>acier inoxydable<\/strong> de couleur <strong>dor\u00e9e<\/strong>, ce qui lui conf\u00e8re un aspect \u00e9l\u00e9gant et une bonne r\u00e9sistance \u00e0 la corrosion<\/li>\n<li>Une <strong>barre porte-serviettes principale<\/strong> situ\u00e9e sous l&rsquo;\u00e9tag\u00e8re.<\/li>\n<li>Elle permet de suspendre une ou plusieurs serviettes pour les faire s\u00e9cher.<\/li>\n<\/ul>\n","protected":false},"excerpt":{"rendered":"<p>Ce support \u00e0 serviettes mural est con\u00e7u en acier inoxydable de couleur dor\u00e9e, ce qui lui conf\u00e8re un aspect \u00e9l\u00e9gant<\/p>\n","protected":false},"featured_media":18246,"comment_status":"open","ping_status":"closed","template":"","meta":{"_themeisle_gutenberg_block_has_review":false,"_joinchat":[]},"product_cat":[566,569],"product_tag":[],"_links":{"self":[{"href":"https:\/\/marouti.ma\/index.php\/wp-json\/wp\/v2\/product\/18245"}],"collection":[{"href":"https:\/\/marouti.ma\/index.php\/wp-json\/wp\/v2\/product"}],"about":[{"href":"https:\/\/marouti.ma\/index.php\/wp-json\/wp\/v2\/types\/product"}],"replies":[{"embeddable":true,"href":"https:\/\/marouti.ma\/index.php\/wp-json\/wp\/v2\/comments?post=18245"}],"version-history":[{"count":1,"href":"https:\/\/marouti.ma\/index.php\/wp-json\/wp\/v2\/product\/18245\/revisions"}],"predecessor-version":[{"id":18247,"href":"https:\/\/marouti.ma\/index.php\/wp-json\/wp\/v2\/product\/18245\/revisions\/18247"}],"wp:featuredmedia":[{"embeddable":true,"href":"https:\/\/marouti.ma\/index.php\/wp-json\/wp\/v2\/media\/18246"}],"wp:attachment":[{"href":"https:\/\/marouti.ma\/index.php\/wp-json\/wp\/v2\/media?parent=18245"}],"wp:term":[{"taxonomy":"product_cat","embeddable":true,"href":"https:\/\/marouti.ma\/index.php\/wp-json\/wp\/v2\/product_cat?post=18245"},{"taxonomy":"product_tag","embeddable":true,"href":"https:\/\/marouti.ma\/index.php\/wp-json\/wp\/v2\/product_tag?post=18245"}],"curies":[{"name":"wp","href":"https:\/\/api.w.org\/{rel}","templated":true}]}}