{"id":18232,"date":"2025-04-19T12:00:26","date_gmt":"2025-04-19T12:00:26","guid":{"rendered":"https:\/\/marouti.ma\/?post_type=product&#038;p=18232"},"modified":"2025-04-19T12:00:26","modified_gmt":"2025-04-19T12:00:26","slug":"porte-serviette-inox-304-2","status":"publish","type":"product","link":"https:\/\/marouti.ma\/index.php\/product\/porte-serviette-inox-304-2\/","title":{"rendered":"porte serviette inox 304"},"content":{"rendered":"<ul>\n<li>une barre destin\u00e9e \u00e0 <strong>suspendre des serviettes<\/strong> dans une salle de bain ou une cuisine.<\/li>\n<li>il semble \u00eatre fabriqu\u00e9 en <strong>m\u00e9tal<\/strong> avec une finition <strong>argent\u00e9e et brillante<\/strong>, probablement de l&rsquo;acier inoxydable chrom\u00e9,<\/li>\n<li>un <strong>porte-serviettes mural simple en m\u00e9tal argent\u00e9<\/strong> utilis\u00e9 pour suspendre des serviettes dans une salle de bain.<\/li>\n<\/ul>\n","protected":false},"excerpt":{"rendered":"<p>une barre destin\u00e9e \u00e0 suspendre des serviettes dans une salle de bain ou une cuisine. il semble \u00eatre fabriqu\u00e9 en<\/p>\n","protected":false},"featured_media":18234,"comment_status":"open","ping_status":"closed","template":"","meta":{"_themeisle_gutenberg_block_has_review":false,"_joinchat":[]},"product_cat":[566,569],"product_tag":[],"_links":{"self":[{"href":"https:\/\/marouti.ma\/index.php\/wp-json\/wp\/v2\/product\/18232"}],"collection":[{"href":"https:\/\/marouti.ma\/index.php\/wp-json\/wp\/v2\/product"}],"about":[{"href":"https:\/\/marouti.ma\/index.php\/wp-json\/wp\/v2\/types\/product"}],"replies":[{"embeddable":true,"href":"https:\/\/marouti.ma\/index.php\/wp-json\/wp\/v2\/comments?post=18232"}],"version-history":[{"count":2,"href":"https:\/\/marouti.ma\/index.php\/wp-json\/wp\/v2\/product\/18232\/revisions"}],"predecessor-version":[{"id":18235,"href":"https:\/\/marouti.ma\/index.php\/wp-json\/wp\/v2\/product\/18232\/revisions\/18235"}],"wp:featuredmedia":[{"embeddable":true,"href":"https:\/\/marouti.ma\/index.php\/wp-json\/wp\/v2\/media\/18234"}],"wp:attachment":[{"href":"https:\/\/marouti.ma\/index.php\/wp-json\/wp\/v2\/media?parent=18232"}],"wp:term":[{"taxonomy":"product_cat","embeddable":true,"href":"https:\/\/marouti.ma\/index.php\/wp-json\/wp\/v2\/product_cat?post=18232"},{"taxonomy":"product_tag","embeddable":true,"href":"https:\/\/marouti.ma\/index.php\/wp-json\/wp\/v2\/product_tag?post=18232"}],"curies":[{"name":"wp","href":"https:\/\/api.w.org\/{rel}","templated":true}]}}