{"id":18229,"date":"2025-04-19T11:46:41","date_gmt":"2025-04-19T11:46:41","guid":{"rendered":"https:\/\/marouti.ma\/?post_type=product&#038;p=18229"},"modified":"2025-04-19T11:46:41","modified_gmt":"2025-04-19T11:46:41","slug":"porte-serviette-inox-304","status":"publish","type":"product","link":"https:\/\/marouti.ma\/index.php\/product\/porte-serviette-inox-304\/","title":{"rendered":"porte serviette inox 304"},"content":{"rendered":"<ul>\n<li>L&rsquo;anneau porte-serviette de salle de bain est un accessoire \u00e9l\u00e9gant et fonctionnel pour votre salle de bain<\/li>\n<li>Fabriqu\u00e9 en acier inoxydable , cet anneau porte-serviette est con\u00e7u pour \u00eatre durable, fiable et r\u00e9sistant \u00e0 la rouille et \u00e0 la corrosion,<\/li>\n<li>L&rsquo;anneau porte-serviette est con\u00e7u pour un montage mural facile.<\/li>\n<li>Il est g\u00e9n\u00e9ralement livr\u00e9 avec les accessoires de montage n\u00e9cessaires<\/li>\n<\/ul>\n","protected":false},"excerpt":{"rendered":"<p>L&rsquo;anneau porte-serviette de salle de bain est un accessoire \u00e9l\u00e9gant et fonctionnel pour votre salle de bain Fabriqu\u00e9 en acier<\/p>\n","protected":false},"featured_media":18230,"comment_status":"open","ping_status":"closed","template":"","meta":{"_themeisle_gutenberg_block_has_review":false,"_joinchat":[]},"product_cat":[566,569],"product_tag":[],"_links":{"self":[{"href":"https:\/\/marouti.ma\/index.php\/wp-json\/wp\/v2\/product\/18229"}],"collection":[{"href":"https:\/\/marouti.ma\/index.php\/wp-json\/wp\/v2\/product"}],"about":[{"href":"https:\/\/marouti.ma\/index.php\/wp-json\/wp\/v2\/types\/product"}],"replies":[{"embeddable":true,"href":"https:\/\/marouti.ma\/index.php\/wp-json\/wp\/v2\/comments?post=18229"}],"version-history":[{"count":1,"href":"https:\/\/marouti.ma\/index.php\/wp-json\/wp\/v2\/product\/18229\/revisions"}],"predecessor-version":[{"id":18231,"href":"https:\/\/marouti.ma\/index.php\/wp-json\/wp\/v2\/product\/18229\/revisions\/18231"}],"wp:featuredmedia":[{"embeddable":true,"href":"https:\/\/marouti.ma\/index.php\/wp-json\/wp\/v2\/media\/18230"}],"wp:attachment":[{"href":"https:\/\/marouti.ma\/index.php\/wp-json\/wp\/v2\/media?parent=18229"}],"wp:term":[{"taxonomy":"product_cat","embeddable":true,"href":"https:\/\/marouti.ma\/index.php\/wp-json\/wp\/v2\/product_cat?post=18229"},{"taxonomy":"product_tag","embeddable":true,"href":"https:\/\/marouti.ma\/index.php\/wp-json\/wp\/v2\/product_tag?post=18229"}],"curies":[{"name":"wp","href":"https:\/\/api.w.org\/{rel}","templated":true}]}}