{"id":18225,"date":"2025-04-19T11:26:22","date_gmt":"2025-04-19T11:26:22","guid":{"rendered":"https:\/\/marouti.ma\/?post_type=product&#038;p=18225"},"modified":"2025-04-21T15:48:53","modified_gmt":"2025-04-21T15:48:53","slug":"porte-papier-dore-2","status":"publish","type":"product","link":"https:\/\/marouti.ma\/index.php\/product\/porte-papier-dore-2\/","title":{"rendered":"porte papier dor\u00e9 carr\u00e9"},"content":{"rendered":"<ul>\n<li>un d\u00e9rouleur de papier toilette mural, con\u00e7u pour \u00eatre fix\u00e9 au mur de votre salle de bain.<\/li>\n<li>Il est de couleur dor\u00e9e brillante, ce qui lui donne un aspect \u00e9l\u00e9gant et potentiellement luxueux.<\/li>\n<li>un accessoire de salle de bain fonctionnel et d\u00e9coratif, con\u00e7u pour maintenir un rouleau de papier toilette \u00e0 port\u00e9e de main<\/li>\n<\/ul>\n","protected":false},"excerpt":{"rendered":"<p>un d\u00e9rouleur de papier toilette mural, con\u00e7u pour \u00eatre fix\u00e9 au mur de votre salle de bain. Il est de<\/p>\n","protected":false},"featured_media":18226,"comment_status":"open","ping_status":"closed","template":"","meta":{"_themeisle_gutenberg_block_has_review":false,"_joinchat":[]},"product_cat":[566,592],"product_tag":[],"_links":{"self":[{"href":"https:\/\/marouti.ma\/index.php\/wp-json\/wp\/v2\/product\/18225"}],"collection":[{"href":"https:\/\/marouti.ma\/index.php\/wp-json\/wp\/v2\/product"}],"about":[{"href":"https:\/\/marouti.ma\/index.php\/wp-json\/wp\/v2\/types\/product"}],"replies":[{"embeddable":true,"href":"https:\/\/marouti.ma\/index.php\/wp-json\/wp\/v2\/comments?post=18225"}],"version-history":[{"count":2,"href":"https:\/\/marouti.ma\/index.php\/wp-json\/wp\/v2\/product\/18225\/revisions"}],"predecessor-version":[{"id":18256,"href":"https:\/\/marouti.ma\/index.php\/wp-json\/wp\/v2\/product\/18225\/revisions\/18256"}],"wp:featuredmedia":[{"embeddable":true,"href":"https:\/\/marouti.ma\/index.php\/wp-json\/wp\/v2\/media\/18226"}],"wp:attachment":[{"href":"https:\/\/marouti.ma\/index.php\/wp-json\/wp\/v2\/media?parent=18225"}],"wp:term":[{"taxonomy":"product_cat","embeddable":true,"href":"https:\/\/marouti.ma\/index.php\/wp-json\/wp\/v2\/product_cat?post=18225"},{"taxonomy":"product_tag","embeddable":true,"href":"https:\/\/marouti.ma\/index.php\/wp-json\/wp\/v2\/product_tag?post=18225"}],"curies":[{"name":"wp","href":"https:\/\/api.w.org\/{rel}","templated":true}]}}