{"id":18215,"date":"2025-04-19T10:45:36","date_gmt":"2025-04-19T10:45:36","guid":{"rendered":"https:\/\/marouti.ma\/?post_type=product&#038;p=18215"},"modified":"2025-04-19T10:45:36","modified_gmt":"2025-04-19T10:45:36","slug":"porte-serviette-noir","status":"publish","type":"product","link":"https:\/\/marouti.ma\/index.php\/product\/porte-serviette-noir\/","title":{"rendered":"porte serviette noir"},"content":{"rendered":"<ul>\n<li>Il semble \u00eatre fabriqu\u00e9 en acier inoxydable, ce qui lui conf\u00e8re robustesse et r\u00e9sistance \u00e0 la corrosion<\/li>\n<li>La finition noire mate lui donne un aspect moderne et sophistiqu\u00e9<\/li>\n<li>ce porte-serviettes combine fonctionnalit\u00e9, durabilit\u00e9 et esth\u00e9tique moderne<\/li>\n<\/ul>\n","protected":false},"excerpt":{"rendered":"<p>Il semble \u00eatre fabriqu\u00e9 en acier inoxydable, ce qui lui conf\u00e8re robustesse et r\u00e9sistance \u00e0 la corrosion La finition noire<\/p>\n","protected":false},"featured_media":18217,"comment_status":"open","ping_status":"closed","template":"","meta":{"_themeisle_gutenberg_block_has_review":false,"_joinchat":[]},"product_cat":[566,569],"product_tag":[],"_links":{"self":[{"href":"https:\/\/marouti.ma\/index.php\/wp-json\/wp\/v2\/product\/18215"}],"collection":[{"href":"https:\/\/marouti.ma\/index.php\/wp-json\/wp\/v2\/product"}],"about":[{"href":"https:\/\/marouti.ma\/index.php\/wp-json\/wp\/v2\/types\/product"}],"replies":[{"embeddable":true,"href":"https:\/\/marouti.ma\/index.php\/wp-json\/wp\/v2\/comments?post=18215"}],"version-history":[{"count":1,"href":"https:\/\/marouti.ma\/index.php\/wp-json\/wp\/v2\/product\/18215\/revisions"}],"predecessor-version":[{"id":18218,"href":"https:\/\/marouti.ma\/index.php\/wp-json\/wp\/v2\/product\/18215\/revisions\/18218"}],"wp:featuredmedia":[{"embeddable":true,"href":"https:\/\/marouti.ma\/index.php\/wp-json\/wp\/v2\/media\/18217"}],"wp:attachment":[{"href":"https:\/\/marouti.ma\/index.php\/wp-json\/wp\/v2\/media?parent=18215"}],"wp:term":[{"taxonomy":"product_cat","embeddable":true,"href":"https:\/\/marouti.ma\/index.php\/wp-json\/wp\/v2\/product_cat?post=18215"},{"taxonomy":"product_tag","embeddable":true,"href":"https:\/\/marouti.ma\/index.php\/wp-json\/wp\/v2\/product_tag?post=18215"}],"curies":[{"name":"wp","href":"https:\/\/api.w.org\/{rel}","templated":true}]}}