{"id":18212,"date":"2025-04-19T09:56:32","date_gmt":"2025-04-19T09:56:32","guid":{"rendered":"https:\/\/marouti.ma\/?post_type=product&#038;p=18212"},"modified":"2025-04-19T09:56:32","modified_gmt":"2025-04-19T09:56:32","slug":"porte-serviette","status":"publish","type":"product","link":"https:\/\/marouti.ma\/index.php\/product\/porte-serviette\/","title":{"rendered":"porte serviette"},"content":{"rendered":"<ul>\n<li>Ce porte-serviettes \u00e0 main est un accessoire de salle de bain .<\/li>\n<li>Il se distingue par son design moderne et minimaliste, caract\u00e9ris\u00e9 par des lignes \u00e9pur\u00e9es et des formes g\u00e9om\u00e9triques claires<\/li>\n<li>Il semble \u00eatre fabriqu\u00e9 en m\u00e9tal, probablement en laiton ou en acier inoxydable, avec une finition chrom\u00e9e brillante.<\/li>\n<\/ul>\n","protected":false},"excerpt":{"rendered":"<p>Ce porte-serviettes \u00e0 main est un accessoire de salle de bain . Il se distingue par son design moderne et<\/p>\n","protected":false},"featured_media":18213,"comment_status":"open","ping_status":"closed","template":"","meta":{"_themeisle_gutenberg_block_has_review":false,"_joinchat":[]},"product_cat":[566,569],"product_tag":[],"_links":{"self":[{"href":"https:\/\/marouti.ma\/index.php\/wp-json\/wp\/v2\/product\/18212"}],"collection":[{"href":"https:\/\/marouti.ma\/index.php\/wp-json\/wp\/v2\/product"}],"about":[{"href":"https:\/\/marouti.ma\/index.php\/wp-json\/wp\/v2\/types\/product"}],"replies":[{"embeddable":true,"href":"https:\/\/marouti.ma\/index.php\/wp-json\/wp\/v2\/comments?post=18212"}],"version-history":[{"count":1,"href":"https:\/\/marouti.ma\/index.php\/wp-json\/wp\/v2\/product\/18212\/revisions"}],"predecessor-version":[{"id":18214,"href":"https:\/\/marouti.ma\/index.php\/wp-json\/wp\/v2\/product\/18212\/revisions\/18214"}],"wp:featuredmedia":[{"embeddable":true,"href":"https:\/\/marouti.ma\/index.php\/wp-json\/wp\/v2\/media\/18213"}],"wp:attachment":[{"href":"https:\/\/marouti.ma\/index.php\/wp-json\/wp\/v2\/media?parent=18212"}],"wp:term":[{"taxonomy":"product_cat","embeddable":true,"href":"https:\/\/marouti.ma\/index.php\/wp-json\/wp\/v2\/product_cat?post=18212"},{"taxonomy":"product_tag","embeddable":true,"href":"https:\/\/marouti.ma\/index.php\/wp-json\/wp\/v2\/product_tag?post=18212"}],"curies":[{"name":"wp","href":"https:\/\/api.w.org\/{rel}","templated":true}]}}