{"id":18209,"date":"2025-04-19T09:49:53","date_gmt":"2025-04-19T09:49:53","guid":{"rendered":"https:\/\/marouti.ma\/?post_type=product&#038;p=18209"},"modified":"2025-04-19T09:49:53","modified_gmt":"2025-04-19T09:49:53","slug":"porte-serviette-inox-carre","status":"publish","type":"product","link":"https:\/\/marouti.ma\/index.php\/product\/porte-serviette-inox-carre\/","title":{"rendered":"porte serviette inox carr\u00e9"},"content":{"rendered":"<ul>\n<li>L&rsquo;anneau porte-serviette pr\u00e9sente un design moderne et \u00e9pur\u00e9, typique des accessoires de salle de bain contemporains.<\/li>\n<li data-sourcepos=\"5:1-5:151\">un anneau circulaire complet, offrant un espace suffisant pour suspendre une serviette de toilette ou une serviette d&rsquo;invit\u00e9.<\/li>\n<li data-sourcepos=\"6:1-6:317\">L&rsquo;anneau et la fixation murale semblent \u00eatre en m\u00e9tal, probablement en laiton ou en acier inoxydable, avec une finition chrom\u00e9e brillante.<\/li>\n<li data-sourcepos=\"6:1-6:317\">Cette finition est courante dans les salles de bain pour sa r\u00e9sistance \u00e0 l&rsquo;humidit\u00e9 et son aspect esth\u00e9tique qui s&rsquo;harmonise avec de nombreux styles.<\/li>\n<\/ul>\n","protected":false},"excerpt":{"rendered":"<p>L&rsquo;anneau porte-serviette pr\u00e9sente un design moderne et \u00e9pur\u00e9, typique des accessoires de salle de bain contemporains. un anneau circulaire complet,<\/p>\n","protected":false},"featured_media":18210,"comment_status":"open","ping_status":"closed","template":"","meta":{"_themeisle_gutenberg_block_has_review":false,"_joinchat":[]},"product_cat":[566,569],"product_tag":[],"_links":{"self":[{"href":"https:\/\/marouti.ma\/index.php\/wp-json\/wp\/v2\/product\/18209"}],"collection":[{"href":"https:\/\/marouti.ma\/index.php\/wp-json\/wp\/v2\/product"}],"about":[{"href":"https:\/\/marouti.ma\/index.php\/wp-json\/wp\/v2\/types\/product"}],"replies":[{"embeddable":true,"href":"https:\/\/marouti.ma\/index.php\/wp-json\/wp\/v2\/comments?post=18209"}],"version-history":[{"count":1,"href":"https:\/\/marouti.ma\/index.php\/wp-json\/wp\/v2\/product\/18209\/revisions"}],"predecessor-version":[{"id":18211,"href":"https:\/\/marouti.ma\/index.php\/wp-json\/wp\/v2\/product\/18209\/revisions\/18211"}],"wp:featuredmedia":[{"embeddable":true,"href":"https:\/\/marouti.ma\/index.php\/wp-json\/wp\/v2\/media\/18210"}],"wp:attachment":[{"href":"https:\/\/marouti.ma\/index.php\/wp-json\/wp\/v2\/media?parent=18209"}],"wp:term":[{"taxonomy":"product_cat","embeddable":true,"href":"https:\/\/marouti.ma\/index.php\/wp-json\/wp\/v2\/product_cat?post=18209"},{"taxonomy":"product_tag","embeddable":true,"href":"https:\/\/marouti.ma\/index.php\/wp-json\/wp\/v2\/product_tag?post=18209"}],"curies":[{"name":"wp","href":"https:\/\/api.w.org\/{rel}","templated":true}]}}