{"id":18204,"date":"2025-04-18T17:13:12","date_gmt":"2025-04-18T17:13:12","guid":{"rendered":"https:\/\/marouti.ma\/?post_type=product&#038;p=18204"},"modified":"2025-04-18T17:13:12","modified_gmt":"2025-04-18T17:13:12","slug":"porte-papier-inox-ronde","status":"publish","type":"product","link":"https:\/\/marouti.ma\/index.php\/product\/porte-papier-inox-ronde\/","title":{"rendered":"porte papier inox ronde"},"content":{"rendered":"<ul>\n<li>Le porte-papier toilette est un accessoire \u00e9l\u00e9gant et fonctionnel pour votre salle de bain.<\/li>\n<li>La finition est en <strong>m\u00e9tal chrom\u00e9 brillant<\/strong>, lui conf\u00e9rant un aspect net et facile \u00e0 int\u00e9grer dans diff\u00e9rents styles de d\u00e9coration de salle de bain<\/li>\n<li>La fixation est <strong>murale<\/strong>, ce qui permet de gagner de l&rsquo;espace au sol et de le positionner \u00e0 la hauteur souhait\u00e9e.<\/li>\n<\/ul>\n","protected":false},"excerpt":{"rendered":"<p>Le porte-papier toilette est un accessoire \u00e9l\u00e9gant et fonctionnel pour votre salle de bain. La finition est en m\u00e9tal chrom\u00e9<\/p>\n","protected":false},"featured_media":18205,"comment_status":"open","ping_status":"closed","template":"","meta":{"_themeisle_gutenberg_block_has_review":false,"_joinchat":[]},"product_cat":[566,592],"product_tag":[],"_links":{"self":[{"href":"https:\/\/marouti.ma\/index.php\/wp-json\/wp\/v2\/product\/18204"}],"collection":[{"href":"https:\/\/marouti.ma\/index.php\/wp-json\/wp\/v2\/product"}],"about":[{"href":"https:\/\/marouti.ma\/index.php\/wp-json\/wp\/v2\/types\/product"}],"replies":[{"embeddable":true,"href":"https:\/\/marouti.ma\/index.php\/wp-json\/wp\/v2\/comments?post=18204"}],"version-history":[{"count":1,"href":"https:\/\/marouti.ma\/index.php\/wp-json\/wp\/v2\/product\/18204\/revisions"}],"predecessor-version":[{"id":18206,"href":"https:\/\/marouti.ma\/index.php\/wp-json\/wp\/v2\/product\/18204\/revisions\/18206"}],"wp:featuredmedia":[{"embeddable":true,"href":"https:\/\/marouti.ma\/index.php\/wp-json\/wp\/v2\/media\/18205"}],"wp:attachment":[{"href":"https:\/\/marouti.ma\/index.php\/wp-json\/wp\/v2\/media?parent=18204"}],"wp:term":[{"taxonomy":"product_cat","embeddable":true,"href":"https:\/\/marouti.ma\/index.php\/wp-json\/wp\/v2\/product_cat?post=18204"},{"taxonomy":"product_tag","embeddable":true,"href":"https:\/\/marouti.ma\/index.php\/wp-json\/wp\/v2\/product_tag?post=18204"}],"curies":[{"name":"wp","href":"https:\/\/api.w.org\/{rel}","templated":true}]}}