{"id":18201,"date":"2025-04-18T16:59:21","date_gmt":"2025-04-18T16:59:21","guid":{"rendered":"https:\/\/marouti.ma\/?post_type=product&#038;p=18201"},"modified":"2025-04-18T16:59:21","modified_gmt":"2025-04-18T16:59:21","slug":"porte-serviette-inox","status":"publish","type":"product","link":"https:\/\/marouti.ma\/index.php\/product\/porte-serviette-inox\/","title":{"rendered":"porte serviette inox"},"content":{"rendered":"<ul>\n<li data-sourcepos=\"5:1-5:209\"><strong>Forme :<\/strong> Il s&rsquo;agit d&rsquo;une barre horizontale droite, con\u00e7ue pour suspendre des serviettes plus grandes,<\/li>\n<li data-sourcepos=\"6:1-6:193\"><strong>Mat\u00e9riau :<\/strong> Similaire \u00e0 l&rsquo;anneau pr\u00e9c\u00e9dent, elle semble \u00eatre fabriqu\u00e9e en m\u00e9tal, probablement de l&rsquo;acier inoxydable ou du laiton chrom\u00e9,<\/li>\n<li data-sourcepos=\"7:1-7:193\"><strong>Finition :<\/strong> La finition est \u00e9galement chrom\u00e9e et polie, offrant un aspect brillant et facile \u00e0 nettoyer<\/li>\n<\/ul>\n","protected":false},"excerpt":{"rendered":"<p>Forme : Il s&rsquo;agit d&rsquo;une barre horizontale droite, con\u00e7ue pour suspendre des serviettes plus grandes, Mat\u00e9riau : Similaire \u00e0 l&rsquo;anneau<\/p>\n","protected":false},"featured_media":18202,"comment_status":"open","ping_status":"closed","template":"","meta":{"_themeisle_gutenberg_block_has_review":false,"_joinchat":[]},"product_cat":[566,569],"product_tag":[],"_links":{"self":[{"href":"https:\/\/marouti.ma\/index.php\/wp-json\/wp\/v2\/product\/18201"}],"collection":[{"href":"https:\/\/marouti.ma\/index.php\/wp-json\/wp\/v2\/product"}],"about":[{"href":"https:\/\/marouti.ma\/index.php\/wp-json\/wp\/v2\/types\/product"}],"replies":[{"embeddable":true,"href":"https:\/\/marouti.ma\/index.php\/wp-json\/wp\/v2\/comments?post=18201"}],"version-history":[{"count":1,"href":"https:\/\/marouti.ma\/index.php\/wp-json\/wp\/v2\/product\/18201\/revisions"}],"predecessor-version":[{"id":18203,"href":"https:\/\/marouti.ma\/index.php\/wp-json\/wp\/v2\/product\/18201\/revisions\/18203"}],"wp:featuredmedia":[{"embeddable":true,"href":"https:\/\/marouti.ma\/index.php\/wp-json\/wp\/v2\/media\/18202"}],"wp:attachment":[{"href":"https:\/\/marouti.ma\/index.php\/wp-json\/wp\/v2\/media?parent=18201"}],"wp:term":[{"taxonomy":"product_cat","embeddable":true,"href":"https:\/\/marouti.ma\/index.php\/wp-json\/wp\/v2\/product_cat?post=18201"},{"taxonomy":"product_tag","embeddable":true,"href":"https:\/\/marouti.ma\/index.php\/wp-json\/wp\/v2\/product_tag?post=18201"}],"curies":[{"name":"wp","href":"https:\/\/api.w.org\/{rel}","templated":true}]}}