{"id":18193,"date":"2025-04-18T16:17:47","date_gmt":"2025-04-18T16:17:47","guid":{"rendered":"https:\/\/marouti.ma\/?post_type=product&#038;p=18193"},"modified":"2025-04-18T16:17:47","modified_gmt":"2025-04-18T16:17:47","slug":"siege-de-douche-avec-support-mural","status":"publish","type":"product","link":"https:\/\/marouti.ma\/index.php\/product\/siege-de-douche-avec-support-mural\/","title":{"rendered":"siege de douche avec support mural"},"content":{"rendered":"<ul>\n<li>Ce si\u00e8ge de douche est con\u00e7u pour \u00eatre fix\u00e9 au mur de votre douche ou de votre salle de bain.<\/li>\n<li>Il offre un endroit s\u00fbr et confortable pour s&rsquo;asseoir pendant la douche<\/li>\n<li>Le si\u00e8ge peut probablement \u00eatre repli\u00e9 contre le mur lorsqu&rsquo;il n&rsquo;est pas utilis\u00e9, ce qui permet de gagner de l&rsquo;espace dans la douche.<\/li>\n<\/ul>\n","protected":false},"excerpt":{"rendered":"<p>Ce si\u00e8ge de douche est con\u00e7u pour \u00eatre fix\u00e9 au mur de votre douche ou de votre salle de bain.<\/p>\n","protected":false},"featured_media":18195,"comment_status":"open","ping_status":"closed","template":"","meta":{"_themeisle_gutenberg_block_has_review":false,"_joinchat":[]},"product_cat":[561],"product_tag":[],"_links":{"self":[{"href":"https:\/\/marouti.ma\/index.php\/wp-json\/wp\/v2\/product\/18193"}],"collection":[{"href":"https:\/\/marouti.ma\/index.php\/wp-json\/wp\/v2\/product"}],"about":[{"href":"https:\/\/marouti.ma\/index.php\/wp-json\/wp\/v2\/types\/product"}],"replies":[{"embeddable":true,"href":"https:\/\/marouti.ma\/index.php\/wp-json\/wp\/v2\/comments?post=18193"}],"version-history":[{"count":1,"href":"https:\/\/marouti.ma\/index.php\/wp-json\/wp\/v2\/product\/18193\/revisions"}],"predecessor-version":[{"id":18196,"href":"https:\/\/marouti.ma\/index.php\/wp-json\/wp\/v2\/product\/18193\/revisions\/18196"}],"wp:featuredmedia":[{"embeddable":true,"href":"https:\/\/marouti.ma\/index.php\/wp-json\/wp\/v2\/media\/18195"}],"wp:attachment":[{"href":"https:\/\/marouti.ma\/index.php\/wp-json\/wp\/v2\/media?parent=18193"}],"wp:term":[{"taxonomy":"product_cat","embeddable":true,"href":"https:\/\/marouti.ma\/index.php\/wp-json\/wp\/v2\/product_cat?post=18193"},{"taxonomy":"product_tag","embeddable":true,"href":"https:\/\/marouti.ma\/index.php\/wp-json\/wp\/v2\/product_tag?post=18193"}],"curies":[{"name":"wp","href":"https:\/\/api.w.org\/{rel}","templated":true}]}}