{"id":18189,"date":"2025-04-18T16:08:47","date_gmt":"2025-04-18T16:08:47","guid":{"rendered":"https:\/\/marouti.ma\/?post_type=product&#038;p=18189"},"modified":"2025-04-18T16:08:47","modified_gmt":"2025-04-18T16:08:47","slug":"porte-papier-inox-5","status":"publish","type":"product","link":"https:\/\/marouti.ma\/index.php\/product\/porte-papier-inox-5\/","title":{"rendered":"porte papier inox"},"content":{"rendered":"<ul>\n<li>Ce d\u00e9rouleur de papier toilette pr\u00e9sente une <strong>conception moderne et \u00e9l\u00e9gante<\/strong>, caract\u00e9ris\u00e9e par ses lignes \u00e9pur\u00e9es et sa finition <strong>chrom\u00e9e brillante<\/strong>.<\/li>\n<li>Fabriqu\u00e9 en <strong>acier inoxydable<\/strong>, il offre une <strong>durabilit\u00e9<\/strong> et une <strong>r\u00e9sistance \u00e0 la corrosion<\/strong> id\u00e9ales pour un environnement de salle de bain.<\/li>\n<li>ce d\u00e9rouleur de papier toilette combine <strong>fonctionnalit\u00e9, durabilit\u00e9 et esth\u00e9tique moderne<\/strong>, ce qui en fait un accessoire pratique et \u00e9l\u00e9gant pour toute salle de bain<\/li>\n<\/ul>\n","protected":false},"excerpt":{"rendered":"<p>Ce d\u00e9rouleur de papier toilette pr\u00e9sente une conception moderne et \u00e9l\u00e9gante, caract\u00e9ris\u00e9e par ses lignes \u00e9pur\u00e9es et sa finition chrom\u00e9e<\/p>\n","protected":false},"featured_media":18191,"comment_status":"open","ping_status":"closed","template":"","meta":{"_themeisle_gutenberg_block_has_review":false,"_joinchat":[]},"product_cat":[566,592],"product_tag":[],"_links":{"self":[{"href":"https:\/\/marouti.ma\/index.php\/wp-json\/wp\/v2\/product\/18189"}],"collection":[{"href":"https:\/\/marouti.ma\/index.php\/wp-json\/wp\/v2\/product"}],"about":[{"href":"https:\/\/marouti.ma\/index.php\/wp-json\/wp\/v2\/types\/product"}],"replies":[{"embeddable":true,"href":"https:\/\/marouti.ma\/index.php\/wp-json\/wp\/v2\/comments?post=18189"}],"version-history":[{"count":1,"href":"https:\/\/marouti.ma\/index.php\/wp-json\/wp\/v2\/product\/18189\/revisions"}],"predecessor-version":[{"id":18192,"href":"https:\/\/marouti.ma\/index.php\/wp-json\/wp\/v2\/product\/18189\/revisions\/18192"}],"wp:featuredmedia":[{"embeddable":true,"href":"https:\/\/marouti.ma\/index.php\/wp-json\/wp\/v2\/media\/18191"}],"wp:attachment":[{"href":"https:\/\/marouti.ma\/index.php\/wp-json\/wp\/v2\/media?parent=18189"}],"wp:term":[{"taxonomy":"product_cat","embeddable":true,"href":"https:\/\/marouti.ma\/index.php\/wp-json\/wp\/v2\/product_cat?post=18189"},{"taxonomy":"product_tag","embeddable":true,"href":"https:\/\/marouti.ma\/index.php\/wp-json\/wp\/v2\/product_tag?post=18189"}],"curies":[{"name":"wp","href":"https:\/\/api.w.org\/{rel}","templated":true}]}}