{"id":18185,"date":"2025-04-18T15:59:05","date_gmt":"2025-04-18T15:59:05","guid":{"rendered":"https:\/\/marouti.ma\/?post_type=product&#038;p=18185"},"modified":"2025-04-18T15:59:05","modified_gmt":"2025-04-18T15:59:05","slug":"porte-papier-inox-dore-2","status":"publish","type":"product","link":"https:\/\/marouti.ma\/index.php\/product\/porte-papier-inox-dore-2\/","title":{"rendered":"porte papier inox dor\u00e9"},"content":{"rendered":"<ul>\n<li>Ce porte-papier semble \u00eatre con\u00e7u pour un montage mural, comme on peut le deviner \u00e0 la base circulaire fix\u00e9e au tube principal.<\/li>\n<li>La finition dor\u00e9e lui conf\u00e8re un aspect \u00e9l\u00e9gant et moderne, ce qui en ferait un bel ajout \u00e0 une salle de bain ou des toilettes avec des accents similaires.<\/li>\n<li>Le tube vertical maintient le rouleau de papier toilette en place, et l&rsquo;extr\u00e9mit\u00e9 ouverte permet de remplacer facilement les rouleaux vides.<\/li>\n<\/ul>\n","protected":false},"excerpt":{"rendered":"<p>Ce porte-papier semble \u00eatre con\u00e7u pour un montage mural, comme on peut le deviner \u00e0 la base circulaire fix\u00e9e au<\/p>\n","protected":false},"featured_media":18187,"comment_status":"open","ping_status":"closed","template":"","meta":{"_themeisle_gutenberg_block_has_review":false,"_joinchat":[]},"product_cat":[566,592],"product_tag":[],"_links":{"self":[{"href":"https:\/\/marouti.ma\/index.php\/wp-json\/wp\/v2\/product\/18185"}],"collection":[{"href":"https:\/\/marouti.ma\/index.php\/wp-json\/wp\/v2\/product"}],"about":[{"href":"https:\/\/marouti.ma\/index.php\/wp-json\/wp\/v2\/types\/product"}],"replies":[{"embeddable":true,"href":"https:\/\/marouti.ma\/index.php\/wp-json\/wp\/v2\/comments?post=18185"}],"version-history":[{"count":1,"href":"https:\/\/marouti.ma\/index.php\/wp-json\/wp\/v2\/product\/18185\/revisions"}],"predecessor-version":[{"id":18188,"href":"https:\/\/marouti.ma\/index.php\/wp-json\/wp\/v2\/product\/18185\/revisions\/18188"}],"wp:featuredmedia":[{"embeddable":true,"href":"https:\/\/marouti.ma\/index.php\/wp-json\/wp\/v2\/media\/18187"}],"wp:attachment":[{"href":"https:\/\/marouti.ma\/index.php\/wp-json\/wp\/v2\/media?parent=18185"}],"wp:term":[{"taxonomy":"product_cat","embeddable":true,"href":"https:\/\/marouti.ma\/index.php\/wp-json\/wp\/v2\/product_cat?post=18185"},{"taxonomy":"product_tag","embeddable":true,"href":"https:\/\/marouti.ma\/index.php\/wp-json\/wp\/v2\/product_tag?post=18185"}],"curies":[{"name":"wp","href":"https:\/\/api.w.org\/{rel}","templated":true}]}}