{"id":18180,"date":"2025-04-18T15:11:59","date_gmt":"2025-04-18T15:11:59","guid":{"rendered":"https:\/\/marouti.ma\/?post_type=product&#038;p=18180"},"modified":"2025-04-18T15:11:59","modified_gmt":"2025-04-18T15:11:59","slug":"porte-papier-inox-noir-2","status":"publish","type":"product","link":"https:\/\/marouti.ma\/index.php\/product\/porte-papier-inox-noir-2\/","title":{"rendered":"porte papier inox noir"},"content":{"rendered":"<ul>\n<li>Ce porte-papier toilette vertical est con\u00e7u pour \u00eatre fix\u00e9 au mur, optimisant ainsi l&rsquo;espace de votre salle de bain.<\/li>\n<li>Fabriqu\u00e9 en acier inoxydable 304, il est robuste et r\u00e9sistant \u00e0 la rouille pour une utilisation quotidienne.<\/li>\n<li><strong>Design vertical peu encombrant :<\/strong> Id\u00e9al pour les petits espaces, il permet de ranger le rouleau de papier toilette de mani\u00e8re compacte.<\/li>\n<\/ul>\n","protected":false},"excerpt":{"rendered":"<p>Ce porte-papier toilette vertical est con\u00e7u pour \u00eatre fix\u00e9 au mur, optimisant ainsi l&rsquo;espace de votre salle de bain. Fabriqu\u00e9<\/p>\n","protected":false},"featured_media":18181,"comment_status":"open","ping_status":"closed","template":"","meta":{"_themeisle_gutenberg_block_has_review":false,"_joinchat":[]},"product_cat":[566,592],"product_tag":[],"_links":{"self":[{"href":"https:\/\/marouti.ma\/index.php\/wp-json\/wp\/v2\/product\/18180"}],"collection":[{"href":"https:\/\/marouti.ma\/index.php\/wp-json\/wp\/v2\/product"}],"about":[{"href":"https:\/\/marouti.ma\/index.php\/wp-json\/wp\/v2\/types\/product"}],"replies":[{"embeddable":true,"href":"https:\/\/marouti.ma\/index.php\/wp-json\/wp\/v2\/comments?post=18180"}],"version-history":[{"count":1,"href":"https:\/\/marouti.ma\/index.php\/wp-json\/wp\/v2\/product\/18180\/revisions"}],"predecessor-version":[{"id":18184,"href":"https:\/\/marouti.ma\/index.php\/wp-json\/wp\/v2\/product\/18180\/revisions\/18184"}],"wp:featuredmedia":[{"embeddable":true,"href":"https:\/\/marouti.ma\/index.php\/wp-json\/wp\/v2\/media\/18181"}],"wp:attachment":[{"href":"https:\/\/marouti.ma\/index.php\/wp-json\/wp\/v2\/media?parent=18180"}],"wp:term":[{"taxonomy":"product_cat","embeddable":true,"href":"https:\/\/marouti.ma\/index.php\/wp-json\/wp\/v2\/product_cat?post=18180"},{"taxonomy":"product_tag","embeddable":true,"href":"https:\/\/marouti.ma\/index.php\/wp-json\/wp\/v2\/product_tag?post=18180"}],"curies":[{"name":"wp","href":"https:\/\/api.w.org\/{rel}","templated":true}]}}