{"id":18173,"date":"2025-04-18T11:48:27","date_gmt":"2025-04-18T11:48:27","guid":{"rendered":"https:\/\/marouti.ma\/?post_type=product&#038;p=18173"},"modified":"2025-04-18T11:48:27","modified_gmt":"2025-04-18T11:48:27","slug":"porte-papier-inox-dore","status":"publish","type":"product","link":"https:\/\/marouti.ma\/index.php\/product\/porte-papier-inox-dore\/","title":{"rendered":"porte papier inox dor\u00e9"},"content":{"rendered":"<ul>\n<li>L&rsquo;ensemble semble \u00eatre en m\u00e9tal, probablement en acier inoxydable ou en laiton, avec une <strong>finition dor\u00e9e brillante<\/strong>.<\/li>\n<li>Cette finition lui conf\u00e8re une allure \u00e9l\u00e9gante et moderne, susceptible de s&rsquo;int\u00e9grer dans des salles de bains avec des accents dor\u00e9s ou laiton.<\/li>\n<li>\u00a0La caract\u00e9ristique la plus int\u00e9ressante est l&rsquo;<strong>\u00e9tag\u00e8re plate<\/strong> situ\u00e9e au-dessus du porte-rouleau.<\/li>\n<\/ul>\n","protected":false},"excerpt":{"rendered":"<p>L&rsquo;ensemble semble \u00eatre en m\u00e9tal, probablement en acier inoxydable ou en laiton, avec une finition dor\u00e9e brillante. Cette finition lui<\/p>\n","protected":false},"featured_media":18175,"comment_status":"open","ping_status":"closed","template":"","meta":{"_themeisle_gutenberg_block_has_review":false,"_joinchat":[]},"product_cat":[566,592],"product_tag":[],"_links":{"self":[{"href":"https:\/\/marouti.ma\/index.php\/wp-json\/wp\/v2\/product\/18173"}],"collection":[{"href":"https:\/\/marouti.ma\/index.php\/wp-json\/wp\/v2\/product"}],"about":[{"href":"https:\/\/marouti.ma\/index.php\/wp-json\/wp\/v2\/types\/product"}],"replies":[{"embeddable":true,"href":"https:\/\/marouti.ma\/index.php\/wp-json\/wp\/v2\/comments?post=18173"}],"version-history":[{"count":1,"href":"https:\/\/marouti.ma\/index.php\/wp-json\/wp\/v2\/product\/18173\/revisions"}],"predecessor-version":[{"id":18176,"href":"https:\/\/marouti.ma\/index.php\/wp-json\/wp\/v2\/product\/18173\/revisions\/18176"}],"wp:featuredmedia":[{"embeddable":true,"href":"https:\/\/marouti.ma\/index.php\/wp-json\/wp\/v2\/media\/18175"}],"wp:attachment":[{"href":"https:\/\/marouti.ma\/index.php\/wp-json\/wp\/v2\/media?parent=18173"}],"wp:term":[{"taxonomy":"product_cat","embeddable":true,"href":"https:\/\/marouti.ma\/index.php\/wp-json\/wp\/v2\/product_cat?post=18173"},{"taxonomy":"product_tag","embeddable":true,"href":"https:\/\/marouti.ma\/index.php\/wp-json\/wp\/v2\/product_tag?post=18173"}],"curies":[{"name":"wp","href":"https:\/\/api.w.org\/{rel}","templated":true}]}}