{"id":18169,"date":"2025-04-18T11:36:18","date_gmt":"2025-04-18T11:36:18","guid":{"rendered":"https:\/\/marouti.ma\/?post_type=product&#038;p=18169"},"modified":"2025-04-18T11:36:18","modified_gmt":"2025-04-18T11:36:18","slug":"porte-papier-inox-3","status":"publish","type":"product","link":"https:\/\/marouti.ma\/index.php\/product\/porte-papier-inox-3\/","title":{"rendered":"porte papier inox"},"content":{"rendered":"<ul>\n<li>Le d\u00e9rouleur de papier toilette\u00a0 est un accessoire de salle de bain au design moderne et \u00e9pur\u00e9.<\/li>\n<li>Il semble \u00eatre fabriqu\u00e9 en <strong>acier inoxydable chrom\u00e9<\/strong>, ce qui lui conf\u00e8re un aspect brillant et une r\u00e9sistance \u00e0 la corrosion,<\/li>\n<li>Il pr\u00e9sente une <strong>forme rectangulaire<\/strong> pour la partie fix\u00e9e au mur, avec des lignes nettes et droites.<\/li>\n<\/ul>\n","protected":false},"excerpt":{"rendered":"<p>Le d\u00e9rouleur de papier toilette\u00a0 est un accessoire de salle de bain au design moderne et \u00e9pur\u00e9. Il semble \u00eatre<\/p>\n","protected":false},"featured_media":18171,"comment_status":"open","ping_status":"closed","template":"","meta":{"_themeisle_gutenberg_block_has_review":false,"_joinchat":[]},"product_cat":[566,592],"product_tag":[],"_links":{"self":[{"href":"https:\/\/marouti.ma\/index.php\/wp-json\/wp\/v2\/product\/18169"}],"collection":[{"href":"https:\/\/marouti.ma\/index.php\/wp-json\/wp\/v2\/product"}],"about":[{"href":"https:\/\/marouti.ma\/index.php\/wp-json\/wp\/v2\/types\/product"}],"replies":[{"embeddable":true,"href":"https:\/\/marouti.ma\/index.php\/wp-json\/wp\/v2\/comments?post=18169"}],"version-history":[{"count":1,"href":"https:\/\/marouti.ma\/index.php\/wp-json\/wp\/v2\/product\/18169\/revisions"}],"predecessor-version":[{"id":18172,"href":"https:\/\/marouti.ma\/index.php\/wp-json\/wp\/v2\/product\/18169\/revisions\/18172"}],"wp:featuredmedia":[{"embeddable":true,"href":"https:\/\/marouti.ma\/index.php\/wp-json\/wp\/v2\/media\/18171"}],"wp:attachment":[{"href":"https:\/\/marouti.ma\/index.php\/wp-json\/wp\/v2\/media?parent=18169"}],"wp:term":[{"taxonomy":"product_cat","embeddable":true,"href":"https:\/\/marouti.ma\/index.php\/wp-json\/wp\/v2\/product_cat?post=18169"},{"taxonomy":"product_tag","embeddable":true,"href":"https:\/\/marouti.ma\/index.php\/wp-json\/wp\/v2\/product_tag?post=18169"}],"curies":[{"name":"wp","href":"https:\/\/api.w.org\/{rel}","templated":true}]}}