{"id":18166,"date":"2025-04-18T11:25:50","date_gmt":"2025-04-18T11:25:50","guid":{"rendered":"https:\/\/marouti.ma\/?post_type=product&#038;p=18166"},"modified":"2025-04-18T11:25:50","modified_gmt":"2025-04-18T11:25:50","slug":"porte-papier-inox-noir","status":"publish","type":"product","link":"https:\/\/marouti.ma\/index.php\/product\/porte-papier-inox-noir\/","title":{"rendered":"porte papier inox noir"},"content":{"rendered":"<ul>\n<li>un <strong>porte-papier toilette mural<\/strong> de couleur <strong>gris fonc\u00e9 ou noir mat<\/strong>.<\/li>\n<li>Il semble \u00eatre fabriqu\u00e9 en <strong>m\u00e9tal<\/strong>, probablement de l&rsquo;acier inoxydable ou de l&rsquo;aluminium<\/li>\n<li>une <strong>\u00e9tag\u00e8re sup\u00e9rieure plate<\/strong>, id\u00e9ale pour poser un t\u00e9l\u00e9phone, un petit flacon de d\u00e9sodorisant ou d&rsquo;autres petits objets<\/li>\n<\/ul>\n","protected":false},"excerpt":{"rendered":"<p>un porte-papier toilette mural de couleur gris fonc\u00e9 ou noir mat. Il semble \u00eatre fabriqu\u00e9 en m\u00e9tal, probablement de l&rsquo;acier<\/p>\n","protected":false},"featured_media":18167,"comment_status":"open","ping_status":"closed","template":"","meta":{"_themeisle_gutenberg_block_has_review":false,"_joinchat":[]},"product_cat":[566,592],"product_tag":[],"_links":{"self":[{"href":"https:\/\/marouti.ma\/index.php\/wp-json\/wp\/v2\/product\/18166"}],"collection":[{"href":"https:\/\/marouti.ma\/index.php\/wp-json\/wp\/v2\/product"}],"about":[{"href":"https:\/\/marouti.ma\/index.php\/wp-json\/wp\/v2\/types\/product"}],"replies":[{"embeddable":true,"href":"https:\/\/marouti.ma\/index.php\/wp-json\/wp\/v2\/comments?post=18166"}],"version-history":[{"count":1,"href":"https:\/\/marouti.ma\/index.php\/wp-json\/wp\/v2\/product\/18166\/revisions"}],"predecessor-version":[{"id":18168,"href":"https:\/\/marouti.ma\/index.php\/wp-json\/wp\/v2\/product\/18166\/revisions\/18168"}],"wp:featuredmedia":[{"embeddable":true,"href":"https:\/\/marouti.ma\/index.php\/wp-json\/wp\/v2\/media\/18167"}],"wp:attachment":[{"href":"https:\/\/marouti.ma\/index.php\/wp-json\/wp\/v2\/media?parent=18166"}],"wp:term":[{"taxonomy":"product_cat","embeddable":true,"href":"https:\/\/marouti.ma\/index.php\/wp-json\/wp\/v2\/product_cat?post=18166"},{"taxonomy":"product_tag","embeddable":true,"href":"https:\/\/marouti.ma\/index.php\/wp-json\/wp\/v2\/product_tag?post=18166"}],"curies":[{"name":"wp","href":"https:\/\/api.w.org\/{rel}","templated":true}]}}