{"id":18162,"date":"2025-04-18T11:16:29","date_gmt":"2025-04-18T11:16:29","guid":{"rendered":"https:\/\/marouti.ma\/?post_type=product&#038;p=18162"},"modified":"2025-04-18T11:16:30","modified_gmt":"2025-04-18T11:16:30","slug":"porte-papier-inox-2","status":"publish","type":"product","link":"https:\/\/marouti.ma\/index.php\/product\/porte-papier-inox-2\/","title":{"rendered":"porte papier inox"},"content":{"rendered":"<ul>\n<li>Ce support mural est fabriqu\u00e9 en acier inoxydable brillant, ce qui lui conf\u00e8re une r\u00e9sistance \u00e0 la corrosion et un aspect tr\u00e8s contemporain.<\/li>\n<li>Il se fixe au mur gr\u00e2ce \u00e0 une plaque rectangulaire perc\u00e9e de trous pour les vis.<\/li>\n<li>Le bras qui maintient le rouleau de papier toilette est cylindrique et ouvert sur une extr\u00e9mit\u00e9, facilitant le remplacement du rouleau.<\/li>\n<\/ul>\n","protected":false},"excerpt":{"rendered":"<p>Ce support mural est fabriqu\u00e9 en acier inoxydable brillant, ce qui lui conf\u00e8re une r\u00e9sistance \u00e0 la corrosion et un<\/p>\n","protected":false},"featured_media":18164,"comment_status":"open","ping_status":"closed","template":"","meta":{"_themeisle_gutenberg_block_has_review":false,"_joinchat":[]},"product_cat":[566,592],"product_tag":[],"_links":{"self":[{"href":"https:\/\/marouti.ma\/index.php\/wp-json\/wp\/v2\/product\/18162"}],"collection":[{"href":"https:\/\/marouti.ma\/index.php\/wp-json\/wp\/v2\/product"}],"about":[{"href":"https:\/\/marouti.ma\/index.php\/wp-json\/wp\/v2\/types\/product"}],"replies":[{"embeddable":true,"href":"https:\/\/marouti.ma\/index.php\/wp-json\/wp\/v2\/comments?post=18162"}],"version-history":[{"count":1,"href":"https:\/\/marouti.ma\/index.php\/wp-json\/wp\/v2\/product\/18162\/revisions"}],"predecessor-version":[{"id":18165,"href":"https:\/\/marouti.ma\/index.php\/wp-json\/wp\/v2\/product\/18162\/revisions\/18165"}],"wp:featuredmedia":[{"embeddable":true,"href":"https:\/\/marouti.ma\/index.php\/wp-json\/wp\/v2\/media\/18164"}],"wp:attachment":[{"href":"https:\/\/marouti.ma\/index.php\/wp-json\/wp\/v2\/media?parent=18162"}],"wp:term":[{"taxonomy":"product_cat","embeddable":true,"href":"https:\/\/marouti.ma\/index.php\/wp-json\/wp\/v2\/product_cat?post=18162"},{"taxonomy":"product_tag","embeddable":true,"href":"https:\/\/marouti.ma\/index.php\/wp-json\/wp\/v2\/product_tag?post=18162"}],"curies":[{"name":"wp","href":"https:\/\/api.w.org\/{rel}","templated":true}]}}