{"id":18154,"date":"2025-04-18T10:58:44","date_gmt":"2025-04-18T10:58:44","guid":{"rendered":"https:\/\/marouti.ma\/?post_type=product&#038;p=18154"},"modified":"2025-04-18T10:58:44","modified_gmt":"2025-04-18T10:58:44","slug":"porte-serviette-dore-2","status":"publish","type":"product","link":"https:\/\/marouti.ma\/index.php\/product\/porte-serviette-dore-2\/","title":{"rendered":"porte serviette dor\u00e9"},"content":{"rendered":"<ul>\n<li>un <strong>porte-serviettes mural simple<\/strong>. Il est constitu\u00e9 d&rsquo;une <strong>barre cylindrique<\/strong> horizontale, probablement en m\u00e9tal, avec une finition en <strong>laiton bross\u00e9<\/strong>.<\/li>\n<li>Cette finition lui donne un aspect chaleureux et l\u00e9g\u00e8rement textur\u00e9, moins brillant que du laiton poli.<\/li>\n<li>Le design g\u00e9n\u00e9ral est <strong>\u00e9pur\u00e9 et contemporain<\/strong>, avec des lignes simples et une absence d&rsquo;ornements superflus<\/li>\n<\/ul>\n","protected":false},"excerpt":{"rendered":"<p>un porte-serviettes mural simple. Il est constitu\u00e9 d&rsquo;une barre cylindrique horizontale, probablement en m\u00e9tal, avec une finition en laiton bross\u00e9.<\/p>\n","protected":false},"featured_media":18155,"comment_status":"open","ping_status":"closed","template":"","meta":{"_themeisle_gutenberg_block_has_review":false,"_joinchat":[]},"product_cat":[566,569],"product_tag":[],"_links":{"self":[{"href":"https:\/\/marouti.ma\/index.php\/wp-json\/wp\/v2\/product\/18154"}],"collection":[{"href":"https:\/\/marouti.ma\/index.php\/wp-json\/wp\/v2\/product"}],"about":[{"href":"https:\/\/marouti.ma\/index.php\/wp-json\/wp\/v2\/types\/product"}],"replies":[{"embeddable":true,"href":"https:\/\/marouti.ma\/index.php\/wp-json\/wp\/v2\/comments?post=18154"}],"version-history":[{"count":1,"href":"https:\/\/marouti.ma\/index.php\/wp-json\/wp\/v2\/product\/18154\/revisions"}],"predecessor-version":[{"id":18157,"href":"https:\/\/marouti.ma\/index.php\/wp-json\/wp\/v2\/product\/18154\/revisions\/18157"}],"wp:featuredmedia":[{"embeddable":true,"href":"https:\/\/marouti.ma\/index.php\/wp-json\/wp\/v2\/media\/18155"}],"wp:attachment":[{"href":"https:\/\/marouti.ma\/index.php\/wp-json\/wp\/v2\/media?parent=18154"}],"wp:term":[{"taxonomy":"product_cat","embeddable":true,"href":"https:\/\/marouti.ma\/index.php\/wp-json\/wp\/v2\/product_cat?post=18154"},{"taxonomy":"product_tag","embeddable":true,"href":"https:\/\/marouti.ma\/index.php\/wp-json\/wp\/v2\/product_tag?post=18154"}],"curies":[{"name":"wp","href":"https:\/\/api.w.org\/{rel}","templated":true}]}}