{"id":18151,"date":"2025-04-18T10:52:40","date_gmt":"2025-04-18T10:52:40","guid":{"rendered":"https:\/\/marouti.ma\/?post_type=product&#038;p=18151"},"modified":"2025-04-18T10:52:40","modified_gmt":"2025-04-18T10:52:40","slug":"porte-serviette-dore","status":"publish","type":"product","link":"https:\/\/marouti.ma\/index.php\/product\/porte-serviette-dore\/","title":{"rendered":"porte serviette dor\u00e9"},"content":{"rendered":"<ul>\n<li>un \u00e9l\u00e9gant porte-serviettes circulaire en or<\/li>\n<li>Ce cercle n&rsquo;est pas un anneau flottant dans l&rsquo;espace. Il est solidement fix\u00e9 \u00e0 un support mural, lui aussi d&rsquo;une \u00e9l\u00e9gante couleur or.<\/li>\n<li>Le point de jonction est discret mais robuste, assurant la stabilit\u00e9 de l&rsquo;ensemble.<\/li>\n<\/ul>\n","protected":false},"excerpt":{"rendered":"<p>un \u00e9l\u00e9gant porte-serviettes circulaire en or Ce cercle n&rsquo;est pas un anneau flottant dans l&rsquo;espace. Il est solidement fix\u00e9 \u00e0<\/p>\n","protected":false},"featured_media":18152,"comment_status":"open","ping_status":"closed","template":"","meta":{"_themeisle_gutenberg_block_has_review":false,"_joinchat":[]},"product_cat":[566,569],"product_tag":[],"_links":{"self":[{"href":"https:\/\/marouti.ma\/index.php\/wp-json\/wp\/v2\/product\/18151"}],"collection":[{"href":"https:\/\/marouti.ma\/index.php\/wp-json\/wp\/v2\/product"}],"about":[{"href":"https:\/\/marouti.ma\/index.php\/wp-json\/wp\/v2\/types\/product"}],"replies":[{"embeddable":true,"href":"https:\/\/marouti.ma\/index.php\/wp-json\/wp\/v2\/comments?post=18151"}],"version-history":[{"count":1,"href":"https:\/\/marouti.ma\/index.php\/wp-json\/wp\/v2\/product\/18151\/revisions"}],"predecessor-version":[{"id":18153,"href":"https:\/\/marouti.ma\/index.php\/wp-json\/wp\/v2\/product\/18151\/revisions\/18153"}],"wp:featuredmedia":[{"embeddable":true,"href":"https:\/\/marouti.ma\/index.php\/wp-json\/wp\/v2\/media\/18152"}],"wp:attachment":[{"href":"https:\/\/marouti.ma\/index.php\/wp-json\/wp\/v2\/media?parent=18151"}],"wp:term":[{"taxonomy":"product_cat","embeddable":true,"href":"https:\/\/marouti.ma\/index.php\/wp-json\/wp\/v2\/product_cat?post=18151"},{"taxonomy":"product_tag","embeddable":true,"href":"https:\/\/marouti.ma\/index.php\/wp-json\/wp\/v2\/product_tag?post=18151"}],"curies":[{"name":"wp","href":"https:\/\/api.w.org\/{rel}","templated":true}]}}