{"id":18148,"date":"2025-04-17T08:57:02","date_gmt":"2025-04-17T08:57:02","guid":{"rendered":"https:\/\/marouti.ma\/?post_type=product&#038;p=18148"},"modified":"2025-04-17T10:14:34","modified_gmt":"2025-04-17T10:14:34","slug":"mitigeur-cuisine-sur-table-noir-mat","status":"publish","type":"product","link":"https:\/\/marouti.ma\/index.php\/product\/mitigeur-cuisine-sur-table-noir-mat\/","title":{"rendered":"Mitigeur Cuisine Sur Table Noir Mat"},"content":{"rendered":"<ul>\n<li data-sourcepos=\"5:1-5:77\"><strong>Couleur noir mat :<\/strong> La finition est clairement mate et de couleur noire.<\/li>\n<li data-sourcepos=\"6:1-6:113\"><strong>Bec col de cygne haut :<\/strong> La forme du bec est arqu\u00e9e et haute, offrant un bon espace de travail dans l&rsquo;\u00e9vier.<\/li>\n<li data-sourcepos=\"7:1-7:138\"><strong>Douchette extractible :<\/strong> On distingue une section plus fine \u00e0 l&rsquo;extr\u00e9mit\u00e9 du bec, sugg\u00e9rant qu&rsquo;il s&rsquo;agit d&rsquo;une douchette extractible.<\/li>\n<\/ul>\n","protected":false},"excerpt":{"rendered":"<p>Couleur noir mat : La finition est clairement mate et de couleur noire. Bec col de cygne haut : La<\/p>\n","protected":false},"featured_media":18149,"comment_status":"open","ping_status":"closed","template":"","meta":{"_themeisle_gutenberg_block_has_review":false,"_joinchat":[]},"product_cat":[563],"product_tag":[],"_links":{"self":[{"href":"https:\/\/marouti.ma\/index.php\/wp-json\/wp\/v2\/product\/18148"}],"collection":[{"href":"https:\/\/marouti.ma\/index.php\/wp-json\/wp\/v2\/product"}],"about":[{"href":"https:\/\/marouti.ma\/index.php\/wp-json\/wp\/v2\/types\/product"}],"replies":[{"embeddable":true,"href":"https:\/\/marouti.ma\/index.php\/wp-json\/wp\/v2\/comments?post=18148"}],"version-history":[{"count":1,"href":"https:\/\/marouti.ma\/index.php\/wp-json\/wp\/v2\/product\/18148\/revisions"}],"predecessor-version":[{"id":18150,"href":"https:\/\/marouti.ma\/index.php\/wp-json\/wp\/v2\/product\/18148\/revisions\/18150"}],"wp:featuredmedia":[{"embeddable":true,"href":"https:\/\/marouti.ma\/index.php\/wp-json\/wp\/v2\/media\/18149"}],"wp:attachment":[{"href":"https:\/\/marouti.ma\/index.php\/wp-json\/wp\/v2\/media?parent=18148"}],"wp:term":[{"taxonomy":"product_cat","embeddable":true,"href":"https:\/\/marouti.ma\/index.php\/wp-json\/wp\/v2\/product_cat?post=18148"},{"taxonomy":"product_tag","embeddable":true,"href":"https:\/\/marouti.ma\/index.php\/wp-json\/wp\/v2\/product_tag?post=18148"}],"curies":[{"name":"wp","href":"https:\/\/api.w.org\/{rel}","templated":true}]}}