{"id":18144,"date":"2025-04-17T08:49:56","date_gmt":"2025-04-17T08:49:56","guid":{"rendered":"https:\/\/marouti.ma\/?post_type=product&#038;p=18144"},"modified":"2025-04-17T10:17:07","modified_gmt":"2025-04-17T10:17:07","slug":"mitigeur-cuisine-sur-table-satin","status":"publish","type":"product","link":"https:\/\/marouti.ma\/index.php\/product\/mitigeur-cuisine-sur-table-satin\/","title":{"rendered":"Mitigeur Cuisine Sur Table Satin"},"content":{"rendered":"<ul>\n<li>Le mitigeur d&rsquo;\u00e9vier extractible est un robinet de cuisine moderne et \u00e9l\u00e9gant, con\u00e7u pour offrir \u00e0 la fois style et fonctionnalit\u00e9.<\/li>\n<li data-sourcepos=\"5:1-5:134\"><strong>Lignes \u00e9pur\u00e9es et modernes :<\/strong> Il pr\u00e9sente un design mince et \u00e9l\u00e9gant qui s&rsquo;int\u00e8gre parfaitement dans les cuisines contemporaines.<\/li>\n<li data-sourcepos=\"6:1-6:176\"><strong>Bec col de cygne haut :<\/strong> La forme arqu\u00e9e du bec offre un grand espace sous le robinet, facilitant le remplissage de grands r\u00e9cipients et le lavage des articles volumineux.<\/li>\n<\/ul>\n","protected":false},"excerpt":{"rendered":"<p>Le mitigeur d&rsquo;\u00e9vier extractible est un robinet de cuisine moderne et \u00e9l\u00e9gant, con\u00e7u pour offrir \u00e0 la fois style et<\/p>\n","protected":false},"featured_media":18146,"comment_status":"open","ping_status":"closed","template":"","meta":{"_themeisle_gutenberg_block_has_review":false,"_joinchat":[]},"product_cat":[563],"product_tag":[],"_links":{"self":[{"href":"https:\/\/marouti.ma\/index.php\/wp-json\/wp\/v2\/product\/18144"}],"collection":[{"href":"https:\/\/marouti.ma\/index.php\/wp-json\/wp\/v2\/product"}],"about":[{"href":"https:\/\/marouti.ma\/index.php\/wp-json\/wp\/v2\/types\/product"}],"replies":[{"embeddable":true,"href":"https:\/\/marouti.ma\/index.php\/wp-json\/wp\/v2\/comments?post=18144"}],"version-history":[{"count":1,"href":"https:\/\/marouti.ma\/index.php\/wp-json\/wp\/v2\/product\/18144\/revisions"}],"predecessor-version":[{"id":18147,"href":"https:\/\/marouti.ma\/index.php\/wp-json\/wp\/v2\/product\/18144\/revisions\/18147"}],"wp:featuredmedia":[{"embeddable":true,"href":"https:\/\/marouti.ma\/index.php\/wp-json\/wp\/v2\/media\/18146"}],"wp:attachment":[{"href":"https:\/\/marouti.ma\/index.php\/wp-json\/wp\/v2\/media?parent=18144"}],"wp:term":[{"taxonomy":"product_cat","embeddable":true,"href":"https:\/\/marouti.ma\/index.php\/wp-json\/wp\/v2\/product_cat?post=18144"},{"taxonomy":"product_tag","embeddable":true,"href":"https:\/\/marouti.ma\/index.php\/wp-json\/wp\/v2\/product_tag?post=18144"}],"curies":[{"name":"wp","href":"https:\/\/api.w.org\/{rel}","templated":true}]}}