{"id":18139,"date":"2025-04-17T08:42:39","date_gmt":"2025-04-17T08:42:39","guid":{"rendered":"https:\/\/marouti.ma\/?post_type=product&#038;p=18139"},"modified":"2025-04-17T08:42:39","modified_gmt":"2025-04-17T08:42:39","slug":"robinet-cuisine-sur-table-noir","status":"publish","type":"product","link":"https:\/\/marouti.ma\/index.php\/product\/robinet-cuisine-sur-table-noir\/","title":{"rendered":"Robinet Cuisine Sur Table Noir"},"content":{"rendered":"<ul>\n<li>Le robinet de cuisine noir est un robinet \u00e0 trou unique con\u00e7u pour les \u00e9viers de cuisine \u00e0 montage sur comptoir.<\/li>\n<li data-sourcepos=\"5:1-5:150\"><strong>Type de robinet :<\/strong> Robinet de cuisine \u00e0 trou unique. Cela signifie qu&rsquo;il n\u00e9cessite un seul trou dans votre comptoir ou \u00e9vier pour l&rsquo;installation.<\/li>\n<li data-sourcepos=\"6:1-6:140\"><strong>Couleur :<\/strong> Noir. La finition noire lui conf\u00e8re une apparence moderne et \u00e9l\u00e9gante qui peut s&rsquo;int\u00e9grer dans diff\u00e9rents styles de cuisine.<\/li>\n<li data-sourcepos=\"7:1-7:190\"><strong>Mat\u00e9riau :<\/strong> Acier inoxydable. Ce mat\u00e9riau est couramment utilis\u00e9 pour les robinets de cuisine en raison de sa durabilit\u00e9, de sa r\u00e9sistance \u00e0 la corrosion et de sa facilit\u00e9 de nettoyage.<\/li>\n<\/ul>\n","protected":false},"excerpt":{"rendered":"<p>Le robinet de cuisine noir est un robinet \u00e0 trou unique con\u00e7u pour les \u00e9viers de cuisine \u00e0 montage sur<\/p>\n","protected":false},"featured_media":18141,"comment_status":"open","ping_status":"closed","template":"","meta":{"_themeisle_gutenberg_block_has_review":false,"_joinchat":[]},"product_cat":[563],"product_tag":[],"_links":{"self":[{"href":"https:\/\/marouti.ma\/index.php\/wp-json\/wp\/v2\/product\/18139"}],"collection":[{"href":"https:\/\/marouti.ma\/index.php\/wp-json\/wp\/v2\/product"}],"about":[{"href":"https:\/\/marouti.ma\/index.php\/wp-json\/wp\/v2\/types\/product"}],"replies":[{"embeddable":true,"href":"https:\/\/marouti.ma\/index.php\/wp-json\/wp\/v2\/comments?post=18139"}],"version-history":[{"count":1,"href":"https:\/\/marouti.ma\/index.php\/wp-json\/wp\/v2\/product\/18139\/revisions"}],"predecessor-version":[{"id":18143,"href":"https:\/\/marouti.ma\/index.php\/wp-json\/wp\/v2\/product\/18139\/revisions\/18143"}],"wp:featuredmedia":[{"embeddable":true,"href":"https:\/\/marouti.ma\/index.php\/wp-json\/wp\/v2\/media\/18141"}],"wp:attachment":[{"href":"https:\/\/marouti.ma\/index.php\/wp-json\/wp\/v2\/media?parent=18139"}],"wp:term":[{"taxonomy":"product_cat","embeddable":true,"href":"https:\/\/marouti.ma\/index.php\/wp-json\/wp\/v2\/product_cat?post=18139"},{"taxonomy":"product_tag","embeddable":true,"href":"https:\/\/marouti.ma\/index.php\/wp-json\/wp\/v2\/product_tag?post=18139"}],"curies":[{"name":"wp","href":"https:\/\/api.w.org\/{rel}","templated":true}]}}