{"id":18135,"date":"2025-04-16T17:14:33","date_gmt":"2025-04-16T17:14:33","guid":{"rendered":"https:\/\/marouti.ma\/?post_type=product&#038;p=18135"},"modified":"2025-04-16T17:14:33","modified_gmt":"2025-04-16T17:14:33","slug":"robinet-cuisine-sur-table-chrome","status":"publish","type":"product","link":"https:\/\/marouti.ma\/index.php\/product\/robinet-cuisine-sur-table-chrome\/","title":{"rendered":"Robinet Cuisine Sur Table Chrom\u00e9"},"content":{"rendered":"<ul>\n<li data-sourcepos=\"3:1-3:201\"><strong>Mat\u00e9riau :<\/strong> Fabriqu\u00e9 en acier inoxydable 304 de haute qualit\u00e9, ce robinet est r\u00e9sistant \u00e0 la corrosion<\/li>\n<li data-sourcepos=\"5:1-5:265\"><strong>Design :<\/strong> Il pr\u00e9sente un design \u00e9l\u00e9gant et contemporain avec une finition en acier inoxydable bross\u00e9 qui s&rsquo;harmonise avec diff\u00e9rents styles de cuisine.<\/li>\n<li data-sourcepos=\"7:1-7:127\"><strong>Poign\u00e9e unique :<\/strong> La conception \u00e0 poign\u00e9e unique permet un contr\u00f4le facile et pr\u00e9cis du d\u00e9bit et de la temp\u00e9rature de l&rsquo;eau.<\/li>\n<\/ul>\n","protected":false},"excerpt":{"rendered":"<p>Mat\u00e9riau : Fabriqu\u00e9 en acier inoxydable 304 de haute qualit\u00e9, ce robinet est r\u00e9sistant \u00e0 la corrosion Design : Il<\/p>\n","protected":false},"featured_media":18137,"comment_status":"open","ping_status":"closed","template":"","meta":{"_themeisle_gutenberg_block_has_review":false,"_joinchat":[]},"product_cat":[563],"product_tag":[],"_links":{"self":[{"href":"https:\/\/marouti.ma\/index.php\/wp-json\/wp\/v2\/product\/18135"}],"collection":[{"href":"https:\/\/marouti.ma\/index.php\/wp-json\/wp\/v2\/product"}],"about":[{"href":"https:\/\/marouti.ma\/index.php\/wp-json\/wp\/v2\/types\/product"}],"replies":[{"embeddable":true,"href":"https:\/\/marouti.ma\/index.php\/wp-json\/wp\/v2\/comments?post=18135"}],"version-history":[{"count":1,"href":"https:\/\/marouti.ma\/index.php\/wp-json\/wp\/v2\/product\/18135\/revisions"}],"predecessor-version":[{"id":18138,"href":"https:\/\/marouti.ma\/index.php\/wp-json\/wp\/v2\/product\/18135\/revisions\/18138"}],"wp:featuredmedia":[{"embeddable":true,"href":"https:\/\/marouti.ma\/index.php\/wp-json\/wp\/v2\/media\/18137"}],"wp:attachment":[{"href":"https:\/\/marouti.ma\/index.php\/wp-json\/wp\/v2\/media?parent=18135"}],"wp:term":[{"taxonomy":"product_cat","embeddable":true,"href":"https:\/\/marouti.ma\/index.php\/wp-json\/wp\/v2\/product_cat?post=18135"},{"taxonomy":"product_tag","embeddable":true,"href":"https:\/\/marouti.ma\/index.php\/wp-json\/wp\/v2\/product_tag?post=18135"}],"curies":[{"name":"wp","href":"https:\/\/api.w.org\/{rel}","templated":true}]}}