{"id":18130,"date":"2025-04-16T16:51:30","date_gmt":"2025-04-16T16:51:30","guid":{"rendered":"https:\/\/marouti.ma\/?post_type=product&#038;p=18130"},"modified":"2025-04-16T16:51:30","modified_gmt":"2025-04-16T16:51:30","slug":"mitigeur-cuisine-sur-table-dore","status":"publish","type":"product","link":"https:\/\/marouti.ma\/index.php\/product\/mitigeur-cuisine-sur-table-dore\/","title":{"rendered":"Mitigeur Cuisine Sur Table Dor\u00e9"},"content":{"rendered":"<ul>\n<li data-sourcepos=\"5:1-5:43\"><strong>Type de robinet :<\/strong> Robinet de cuisine.<\/li>\n<li data-sourcepos=\"6:1-6:31\"><strong>Style :<\/strong> Moderne, \u00e9l\u00e9gant.<\/li>\n<li data-sourcepos=\"7:1-7:111\"><strong>Finition :<\/strong> Dor\u00e9e bross\u00e9e. Cela lui donne un aspect chaleureux, luxueux et r\u00e9sistant aux traces de doigts.<\/li>\n<li data-sourcepos=\"8:1-8:115\"><strong>Nombre de trous d&rsquo;installation :<\/strong> Semble \u00eatre con\u00e7u pour une installation monotrou (un seul trou sur l&rsquo;\u00e9vier).<\/li>\n<li data-sourcepos=\"9:1-9:207\"><strong>Type de poign\u00e9e :<\/strong> La poign\u00e9e est un levier fin et cylindrique, positionn\u00e9 sur le c\u00f4t\u00e9 du corps du robinet.<\/li>\n<\/ul>\n","protected":false},"excerpt":{"rendered":"<p>Type de robinet : Robinet de cuisine. Style : Moderne, \u00e9l\u00e9gant. Finition : Dor\u00e9e bross\u00e9e. Cela lui donne un aspect<\/p>\n","protected":false},"featured_media":18132,"comment_status":"open","ping_status":"closed","template":"","meta":{"_themeisle_gutenberg_block_has_review":false,"_joinchat":[]},"product_cat":[563],"product_tag":[],"_links":{"self":[{"href":"https:\/\/marouti.ma\/index.php\/wp-json\/wp\/v2\/product\/18130"}],"collection":[{"href":"https:\/\/marouti.ma\/index.php\/wp-json\/wp\/v2\/product"}],"about":[{"href":"https:\/\/marouti.ma\/index.php\/wp-json\/wp\/v2\/types\/product"}],"replies":[{"embeddable":true,"href":"https:\/\/marouti.ma\/index.php\/wp-json\/wp\/v2\/comments?post=18130"}],"version-history":[{"count":1,"href":"https:\/\/marouti.ma\/index.php\/wp-json\/wp\/v2\/product\/18130\/revisions"}],"predecessor-version":[{"id":18134,"href":"https:\/\/marouti.ma\/index.php\/wp-json\/wp\/v2\/product\/18130\/revisions\/18134"}],"wp:featuredmedia":[{"embeddable":true,"href":"https:\/\/marouti.ma\/index.php\/wp-json\/wp\/v2\/media\/18132"}],"wp:attachment":[{"href":"https:\/\/marouti.ma\/index.php\/wp-json\/wp\/v2\/media?parent=18130"}],"wp:term":[{"taxonomy":"product_cat","embeddable":true,"href":"https:\/\/marouti.ma\/index.php\/wp-json\/wp\/v2\/product_cat?post=18130"},{"taxonomy":"product_tag","embeddable":true,"href":"https:\/\/marouti.ma\/index.php\/wp-json\/wp\/v2\/product_tag?post=18130"}],"curies":[{"name":"wp","href":"https:\/\/api.w.org\/{rel}","templated":true}]}}