{"id":18125,"date":"2025-04-16T16:44:17","date_gmt":"2025-04-16T16:44:17","guid":{"rendered":"https:\/\/marouti.ma\/?post_type=product&#038;p=18125"},"modified":"2025-04-16T16:44:17","modified_gmt":"2025-04-16T16:44:17","slug":"mitigeur-lavabo-chrome-2","status":"publish","type":"product","link":"https:\/\/marouti.ma\/index.php\/product\/mitigeur-lavabo-chrome-2\/","title":{"rendered":"Mitigeur Lavabo Chrom\u00e9"},"content":{"rendered":"<ul>\n<li data-sourcepos=\"5:1-5:72\"><strong>ype de robinet :<\/strong> Robinet de lavabo (pour \u00e9vier de salle de bain).<\/li>\n<li data-sourcepos=\"6:1-6:40\"><strong>Style :<\/strong> Contemporain, minimaliste.<\/li>\n<li data-sourcepos=\"7:1-7:104\"><strong>Finition :<\/strong> Chrom\u00e9e, brillante. Cela lui donne un aspect lisse, r\u00e9fl\u00e9chissant et facile \u00e0 nettoyer.<\/li>\n<li data-sourcepos=\"8:1-8:115\"><strong>Nombre de trous d&rsquo;installation :<\/strong> Semble \u00eatre con\u00e7u pour une installation monotrou (un seul trou sur l&rsquo;\u00e9vier).<\/li>\n<li><strong>Type de poign\u00e9e : <\/strong>La poign\u00e9e est plate et rectangulaire, s&rsquo;int\u00e9grant au design g\u00e9n\u00e9ral.<\/li>\n<\/ul>\n","protected":false},"excerpt":{"rendered":"<p>ype de robinet : Robinet de lavabo (pour \u00e9vier de salle de bain). Style : Contemporain, minimaliste. Finition : Chrom\u00e9e,<\/p>\n","protected":false},"featured_media":18127,"comment_status":"open","ping_status":"closed","template":"","meta":{"_themeisle_gutenberg_block_has_review":false,"_joinchat":[]},"product_cat":[563],"product_tag":[],"_links":{"self":[{"href":"https:\/\/marouti.ma\/index.php\/wp-json\/wp\/v2\/product\/18125"}],"collection":[{"href":"https:\/\/marouti.ma\/index.php\/wp-json\/wp\/v2\/product"}],"about":[{"href":"https:\/\/marouti.ma\/index.php\/wp-json\/wp\/v2\/types\/product"}],"replies":[{"embeddable":true,"href":"https:\/\/marouti.ma\/index.php\/wp-json\/wp\/v2\/comments?post=18125"}],"version-history":[{"count":1,"href":"https:\/\/marouti.ma\/index.php\/wp-json\/wp\/v2\/product\/18125\/revisions"}],"predecessor-version":[{"id":18129,"href":"https:\/\/marouti.ma\/index.php\/wp-json\/wp\/v2\/product\/18125\/revisions\/18129"}],"wp:featuredmedia":[{"embeddable":true,"href":"https:\/\/marouti.ma\/index.php\/wp-json\/wp\/v2\/media\/18127"}],"wp:attachment":[{"href":"https:\/\/marouti.ma\/index.php\/wp-json\/wp\/v2\/media?parent=18125"}],"wp:term":[{"taxonomy":"product_cat","embeddable":true,"href":"https:\/\/marouti.ma\/index.php\/wp-json\/wp\/v2\/product_cat?post=18125"},{"taxonomy":"product_tag","embeddable":true,"href":"https:\/\/marouti.ma\/index.php\/wp-json\/wp\/v2\/product_tag?post=18125"}],"curies":[{"name":"wp","href":"https:\/\/api.w.org\/{rel}","templated":true}]}}