{"id":18117,"date":"2025-04-16T16:23:48","date_gmt":"2025-04-16T16:23:48","guid":{"rendered":"https:\/\/marouti.ma\/?post_type=product&#038;p=18117"},"modified":"2025-04-16T16:23:48","modified_gmt":"2025-04-16T16:23:48","slug":"mitigeur-cuisine-sur-table-gris","status":"publish","type":"product","link":"https:\/\/marouti.ma\/index.php\/product\/mitigeur-cuisine-sur-table-gris\/","title":{"rendered":"Mitigeur Cuisine Sur Table Gris"},"content":{"rendered":"<ul>\n<li data-sourcepos=\"5:1-5:115\"><strong>Type de robinet :<\/strong> Mitigeur de cuisine (une seule poign\u00e9e pour contr\u00f4ler le d\u00e9bit et la temp\u00e9rature de l&rsquo;eau).<\/li>\n<li data-sourcepos=\"6:1-6:250\"><strong>Bec :<\/strong> Flexible, de couleur grise . cette flexibilit\u00e9 permet de diriger facilement le jet d&rsquo;eau dans diff\u00e9rentes directions,<\/li>\n<li data-sourcepos=\"6:1-6:250\"><strong>Mat\u00e9riaux :<\/strong> Le corps du robinet semble \u00eatre en m\u00e9tal (probablement en acier inoxydable ou en laiton chrom\u00e9 pour la durabilit\u00e9 et la r\u00e9sistance \u00e0 la corrosion)<\/li>\n<\/ul>\n","protected":false},"excerpt":{"rendered":"<p>Type de robinet : Mitigeur de cuisine (une seule poign\u00e9e pour contr\u00f4ler le d\u00e9bit et la temp\u00e9rature de l&rsquo;eau). Bec<\/p>\n","protected":false},"featured_media":18119,"comment_status":"open","ping_status":"closed","template":"","meta":{"_themeisle_gutenberg_block_has_review":false,"_joinchat":[]},"product_cat":[563],"product_tag":[],"_links":{"self":[{"href":"https:\/\/marouti.ma\/index.php\/wp-json\/wp\/v2\/product\/18117"}],"collection":[{"href":"https:\/\/marouti.ma\/index.php\/wp-json\/wp\/v2\/product"}],"about":[{"href":"https:\/\/marouti.ma\/index.php\/wp-json\/wp\/v2\/types\/product"}],"replies":[{"embeddable":true,"href":"https:\/\/marouti.ma\/index.php\/wp-json\/wp\/v2\/comments?post=18117"}],"version-history":[{"count":1,"href":"https:\/\/marouti.ma\/index.php\/wp-json\/wp\/v2\/product\/18117\/revisions"}],"predecessor-version":[{"id":18120,"href":"https:\/\/marouti.ma\/index.php\/wp-json\/wp\/v2\/product\/18117\/revisions\/18120"}],"wp:featuredmedia":[{"embeddable":true,"href":"https:\/\/marouti.ma\/index.php\/wp-json\/wp\/v2\/media\/18119"}],"wp:attachment":[{"href":"https:\/\/marouti.ma\/index.php\/wp-json\/wp\/v2\/media?parent=18117"}],"wp:term":[{"taxonomy":"product_cat","embeddable":true,"href":"https:\/\/marouti.ma\/index.php\/wp-json\/wp\/v2\/product_cat?post=18117"},{"taxonomy":"product_tag","embeddable":true,"href":"https:\/\/marouti.ma\/index.php\/wp-json\/wp\/v2\/product_tag?post=18117"}],"curies":[{"name":"wp","href":"https:\/\/api.w.org\/{rel}","templated":true}]}}