{"id":18111,"date":"2025-04-16T16:01:23","date_gmt":"2025-04-16T16:01:23","guid":{"rendered":"https:\/\/marouti.ma\/?post_type=product&#038;p=18111"},"modified":"2025-04-16T16:06:11","modified_gmt":"2025-04-16T16:06:11","slug":"18111","status":"publish","type":"product","link":"https:\/\/marouti.ma\/index.php\/product\/18111\/","title":{"rendered":"Mitigeur Cuisine Sur Table Noir"},"content":{"rendered":"<ul>\n<li>Le robinet de cuisine en noir\u00a0 est un mitigeur monocommande avec un bec flexible et pivotant \u00e0 360\u00b0<\/li>\n<li><strong>Mat\u00e9riaux:<\/strong> G\u00e9n\u00e9ralement fabriqu\u00e9 avec des mat\u00e9riaux de haute qualit\u00e9, r\u00e9sistants \u00e0 la corrosion et durables.<\/li>\n<li><strong>Installation:<\/strong> Con\u00e7u pour une installation sur plan ou sur \u00e9vier avec un trou de montage standard<\/li>\n<\/ul>\n","protected":false},"excerpt":{"rendered":"<p>Le robinet de cuisine en noir\u00a0 est un mitigeur monocommande avec un bec flexible et pivotant \u00e0 360\u00b0 Mat\u00e9riaux: G\u00e9n\u00e9ralement<\/p>\n","protected":false},"featured_media":18112,"comment_status":"open","ping_status":"closed","template":"","meta":{"_themeisle_gutenberg_block_has_review":false,"_joinchat":[]},"product_cat":[563],"product_tag":[],"_links":{"self":[{"href":"https:\/\/marouti.ma\/index.php\/wp-json\/wp\/v2\/product\/18111"}],"collection":[{"href":"https:\/\/marouti.ma\/index.php\/wp-json\/wp\/v2\/product"}],"about":[{"href":"https:\/\/marouti.ma\/index.php\/wp-json\/wp\/v2\/types\/product"}],"replies":[{"embeddable":true,"href":"https:\/\/marouti.ma\/index.php\/wp-json\/wp\/v2\/comments?post=18111"}],"version-history":[{"count":3,"href":"https:\/\/marouti.ma\/index.php\/wp-json\/wp\/v2\/product\/18111\/revisions"}],"predecessor-version":[{"id":18116,"href":"https:\/\/marouti.ma\/index.php\/wp-json\/wp\/v2\/product\/18111\/revisions\/18116"}],"wp:featuredmedia":[{"embeddable":true,"href":"https:\/\/marouti.ma\/index.php\/wp-json\/wp\/v2\/media\/18112"}],"wp:attachment":[{"href":"https:\/\/marouti.ma\/index.php\/wp-json\/wp\/v2\/media?parent=18111"}],"wp:term":[{"taxonomy":"product_cat","embeddable":true,"href":"https:\/\/marouti.ma\/index.php\/wp-json\/wp\/v2\/product_cat?post=18111"},{"taxonomy":"product_tag","embeddable":true,"href":"https:\/\/marouti.ma\/index.php\/wp-json\/wp\/v2\/product_tag?post=18111"}],"curies":[{"name":"wp","href":"https:\/\/api.w.org\/{rel}","templated":true}]}}