{"id":18107,"date":"2025-04-16T15:42:00","date_gmt":"2025-04-16T15:42:00","guid":{"rendered":"https:\/\/marouti.ma\/?post_type=product&#038;p=18107"},"modified":"2025-04-16T15:42:00","modified_gmt":"2025-04-16T15:42:00","slug":"mitigeur-cuisine-sur-table-blanc","status":"publish","type":"product","link":"https:\/\/marouti.ma\/index.php\/product\/mitigeur-cuisine-sur-table-blanc\/","title":{"rendered":"Mitigeur Cuisine Sur Table Blanc"},"content":{"rendered":"<ul>\n<li data-sourcepos=\"5:1-5:125\">Mitigeur de cuisine monocommande (une seule poign\u00e9e pour r\u00e9gler le d\u00e9bit et la temp\u00e9rature de l&rsquo;eau).<\/li>\n<li data-sourcepos=\"6:1-6:171\"><strong>Bec :<\/strong> Flexible et orientable \u00e0 360 degr\u00e9s, fabriqu\u00e9 en silicone blanc. La flexibilit\u00e9 du bec facilite le remplissage des r\u00e9cipients hauts et le nettoyage de l&rsquo;\u00e9vier.<\/li>\n<li data-sourcepos=\"6:1-6:171\"><strong>Raccordement :<\/strong> Standard pour les syst\u00e8mes d&rsquo;eau chaude et froide. Les flexibles de raccordement sont g\u00e9n\u00e9ralement inclus.<\/li>\n<li><strong>Installation :<\/strong> Sur plan (\u00e9vier ou comptoir), avec un per\u00e7age standard. Un syst\u00e8me de fixation rapide est souvent fourni pour faciliter l&rsquo;installation.<\/li>\n<\/ul>\n","protected":false},"excerpt":{"rendered":"<p>Mitigeur de cuisine monocommande (une seule poign\u00e9e pour r\u00e9gler le d\u00e9bit et la temp\u00e9rature de l&rsquo;eau). Bec : Flexible et<\/p>\n","protected":false},"featured_media":18108,"comment_status":"open","ping_status":"closed","template":"","meta":{"_themeisle_gutenberg_block_has_review":false,"_joinchat":[]},"product_cat":[563],"product_tag":[],"_links":{"self":[{"href":"https:\/\/marouti.ma\/index.php\/wp-json\/wp\/v2\/product\/18107"}],"collection":[{"href":"https:\/\/marouti.ma\/index.php\/wp-json\/wp\/v2\/product"}],"about":[{"href":"https:\/\/marouti.ma\/index.php\/wp-json\/wp\/v2\/types\/product"}],"replies":[{"embeddable":true,"href":"https:\/\/marouti.ma\/index.php\/wp-json\/wp\/v2\/comments?post=18107"}],"version-history":[{"count":1,"href":"https:\/\/marouti.ma\/index.php\/wp-json\/wp\/v2\/product\/18107\/revisions"}],"predecessor-version":[{"id":18110,"href":"https:\/\/marouti.ma\/index.php\/wp-json\/wp\/v2\/product\/18107\/revisions\/18110"}],"wp:featuredmedia":[{"embeddable":true,"href":"https:\/\/marouti.ma\/index.php\/wp-json\/wp\/v2\/media\/18108"}],"wp:attachment":[{"href":"https:\/\/marouti.ma\/index.php\/wp-json\/wp\/v2\/media?parent=18107"}],"wp:term":[{"taxonomy":"product_cat","embeddable":true,"href":"https:\/\/marouti.ma\/index.php\/wp-json\/wp\/v2\/product_cat?post=18107"},{"taxonomy":"product_tag","embeddable":true,"href":"https:\/\/marouti.ma\/index.php\/wp-json\/wp\/v2\/product_tag?post=18107"}],"curies":[{"name":"wp","href":"https:\/\/api.w.org\/{rel}","templated":true}]}}