{"id":18104,"date":"2025-04-16T15:22:44","date_gmt":"2025-04-16T15:22:44","guid":{"rendered":"https:\/\/marouti.ma\/?post_type=product&#038;p=18104"},"modified":"2025-04-16T15:22:44","modified_gmt":"2025-04-16T15:22:44","slug":"mitigeur-lavabo-haut-noir-brillant","status":"publish","type":"product","link":"https:\/\/marouti.ma\/index.php\/product\/mitigeur-lavabo-haut-noir-brillant\/","title":{"rendered":"Mitigeur Lavabo Haut Noir Brillant"},"content":{"rendered":"<ul>\n<li data-sourcepos=\"5:1-5:294\"><strong>Esth\u00e9tique Moderne et \u00c9pur\u00e9e :<\/strong> Le design se caract\u00e9rise par des lignes droites et des angles nets, lui conf\u00e9rant un aspect contemporain et minimaliste.<\/li>\n<li data-sourcepos=\"6:1-6:183\"><strong>Bec Haut :<\/strong> La hauteur du bec est con\u00e7ue pour offrir un espace confortable sous le robinet<\/li>\n<li data-sourcepos=\"7:1-8:0\"><strong>Poign\u00e9e Unique :<\/strong> La pr\u00e9sence d&rsquo;une seule poign\u00e9e permet de contr\u00f4ler facilement \u00e0 la fois le d\u00e9bit et la temp\u00e9rature de l&rsquo;eau<\/li>\n<li data-sourcepos=\"5:1-5:294\"><\/li>\n<\/ul>\n","protected":false},"excerpt":{"rendered":"<p>Esth\u00e9tique Moderne et \u00c9pur\u00e9e : Le design se caract\u00e9rise par des lignes droites et des angles nets, lui conf\u00e9rant un<\/p>\n","protected":false},"featured_media":18105,"comment_status":"open","ping_status":"closed","template":"","meta":{"_themeisle_gutenberg_block_has_review":false,"_joinchat":[]},"product_cat":[563],"product_tag":[],"_links":{"self":[{"href":"https:\/\/marouti.ma\/index.php\/wp-json\/wp\/v2\/product\/18104"}],"collection":[{"href":"https:\/\/marouti.ma\/index.php\/wp-json\/wp\/v2\/product"}],"about":[{"href":"https:\/\/marouti.ma\/index.php\/wp-json\/wp\/v2\/types\/product"}],"replies":[{"embeddable":true,"href":"https:\/\/marouti.ma\/index.php\/wp-json\/wp\/v2\/comments?post=18104"}],"version-history":[{"count":1,"href":"https:\/\/marouti.ma\/index.php\/wp-json\/wp\/v2\/product\/18104\/revisions"}],"predecessor-version":[{"id":18106,"href":"https:\/\/marouti.ma\/index.php\/wp-json\/wp\/v2\/product\/18104\/revisions\/18106"}],"wp:featuredmedia":[{"embeddable":true,"href":"https:\/\/marouti.ma\/index.php\/wp-json\/wp\/v2\/media\/18105"}],"wp:attachment":[{"href":"https:\/\/marouti.ma\/index.php\/wp-json\/wp\/v2\/media?parent=18104"}],"wp:term":[{"taxonomy":"product_cat","embeddable":true,"href":"https:\/\/marouti.ma\/index.php\/wp-json\/wp\/v2\/product_cat?post=18104"},{"taxonomy":"product_tag","embeddable":true,"href":"https:\/\/marouti.ma\/index.php\/wp-json\/wp\/v2\/product_tag?post=18104"}],"curies":[{"name":"wp","href":"https:\/\/api.w.org\/{rel}","templated":true}]}}