{"id":18099,"date":"2025-04-16T15:00:46","date_gmt":"2025-04-16T15:00:46","guid":{"rendered":"https:\/\/marouti.ma\/?post_type=product&#038;p=18099"},"modified":"2025-04-16T15:00:47","modified_gmt":"2025-04-16T15:00:47","slug":"mitigeur-vasque-a-poser-chrome","status":"publish","type":"product","link":"https:\/\/marouti.ma\/index.php\/product\/mitigeur-vasque-a-poser-chrome\/","title":{"rendered":"Mitigeur Vasque \u00e0 Poser Chrom\u00e9"},"content":{"rendered":"<ul>\n<li>Le mitigeur haut pour lavabo est un robinet de salle de bain moderne<\/li>\n<li data-sourcepos=\"3:1-3:213\"><strong>Design \u00e9l\u00e9gant et minimaliste :<\/strong> Il arbore des lignes \u00e9pur\u00e9es et une finition chrom\u00e9e brillante<\/li>\n<li data-sourcepos=\"4:1-4:189\"><strong>Hauteur \u00e9lev\u00e9e :<\/strong> Sa conception haute offre un espace g\u00e9n\u00e9reux sous le bec verseur.<\/li>\n<li data-sourcepos=\"5:1-5:248\"><strong>Poign\u00e9e unique :<\/strong> Il est \u00e9quip\u00e9 d&rsquo;une seule poign\u00e9e lat\u00e9rale pour un contr\u00f4le facile du d\u00e9bit et de la temp\u00e9rature de l&rsquo;eau.<\/li>\n<li><\/li>\n<\/ul>\n","protected":false},"excerpt":{"rendered":"<p>Le mitigeur haut pour lavabo est un robinet de salle de bain moderne Design \u00e9l\u00e9gant et minimaliste : Il arbore<\/p>\n","protected":false},"featured_media":18102,"comment_status":"open","ping_status":"closed","template":"","meta":{"_themeisle_gutenberg_block_has_review":false,"_joinchat":[]},"product_cat":[563],"product_tag":[],"_links":{"self":[{"href":"https:\/\/marouti.ma\/index.php\/wp-json\/wp\/v2\/product\/18099"}],"collection":[{"href":"https:\/\/marouti.ma\/index.php\/wp-json\/wp\/v2\/product"}],"about":[{"href":"https:\/\/marouti.ma\/index.php\/wp-json\/wp\/v2\/types\/product"}],"replies":[{"embeddable":true,"href":"https:\/\/marouti.ma\/index.php\/wp-json\/wp\/v2\/comments?post=18099"}],"version-history":[{"count":1,"href":"https:\/\/marouti.ma\/index.php\/wp-json\/wp\/v2\/product\/18099\/revisions"}],"predecessor-version":[{"id":18103,"href":"https:\/\/marouti.ma\/index.php\/wp-json\/wp\/v2\/product\/18099\/revisions\/18103"}],"wp:featuredmedia":[{"embeddable":true,"href":"https:\/\/marouti.ma\/index.php\/wp-json\/wp\/v2\/media\/18102"}],"wp:attachment":[{"href":"https:\/\/marouti.ma\/index.php\/wp-json\/wp\/v2\/media?parent=18099"}],"wp:term":[{"taxonomy":"product_cat","embeddable":true,"href":"https:\/\/marouti.ma\/index.php\/wp-json\/wp\/v2\/product_cat?post=18099"},{"taxonomy":"product_tag","embeddable":true,"href":"https:\/\/marouti.ma\/index.php\/wp-json\/wp\/v2\/product_tag?post=18099"}],"curies":[{"name":"wp","href":"https:\/\/api.w.org\/{rel}","templated":true}]}}