{"id":18095,"date":"2025-04-16T14:46:45","date_gmt":"2025-04-16T14:46:45","guid":{"rendered":"https:\/\/marouti.ma\/?post_type=product&#038;p=18095"},"modified":"2025-04-16T14:46:46","modified_gmt":"2025-04-16T14:46:46","slug":"mitigeur-bidet-chrome","status":"publish","type":"product","link":"https:\/\/marouti.ma\/index.php\/product\/mitigeur-bidet-chrome\/","title":{"rendered":"Mitigeur Bidet Chrom\u00e9"},"content":{"rendered":"<ul>\n<li data-sourcepos=\"3:1-3:255\"><strong>Mat\u00e9riau :<\/strong> Fabriqu\u00e9 en acier inoxydable 304, ce qui le rend r\u00e9sistant \u00e0 la corrosion, durable et facile \u00e0 nettoyer.<\/li>\n<li data-sourcepos=\"5:1-5:275\"><strong>Type de robinet :<\/strong> Il s&rsquo;agit d&rsquo;un robinet m\u00e9langeur, ce qui signifie qu&rsquo;il dispose d&rsquo;une seule commande pour r\u00e9gler \u00e0 la fois le d\u00e9bit et la temp\u00e9rature de l&rsquo;eau.<\/li>\n<li data-sourcepos=\"7:1-7:233\"><strong>Installation :<\/strong> Con\u00e7u pour une installation \u00e0 trou unique , ce qui simplifie le montage sur le bidet.<\/li>\n<\/ul>\n","protected":false},"excerpt":{"rendered":"<p>Mat\u00e9riau : Fabriqu\u00e9 en acier inoxydable 304, ce qui le rend r\u00e9sistant \u00e0 la corrosion, durable et facile \u00e0 nettoyer.<\/p>\n","protected":false},"featured_media":18096,"comment_status":"open","ping_status":"closed","template":"","meta":{"_themeisle_gutenberg_block_has_review":false,"_joinchat":[]},"product_cat":[563],"product_tag":[],"_links":{"self":[{"href":"https:\/\/marouti.ma\/index.php\/wp-json\/wp\/v2\/product\/18095"}],"collection":[{"href":"https:\/\/marouti.ma\/index.php\/wp-json\/wp\/v2\/product"}],"about":[{"href":"https:\/\/marouti.ma\/index.php\/wp-json\/wp\/v2\/types\/product"}],"replies":[{"embeddable":true,"href":"https:\/\/marouti.ma\/index.php\/wp-json\/wp\/v2\/comments?post=18095"}],"version-history":[{"count":1,"href":"https:\/\/marouti.ma\/index.php\/wp-json\/wp\/v2\/product\/18095\/revisions"}],"predecessor-version":[{"id":18098,"href":"https:\/\/marouti.ma\/index.php\/wp-json\/wp\/v2\/product\/18095\/revisions\/18098"}],"wp:featuredmedia":[{"embeddable":true,"href":"https:\/\/marouti.ma\/index.php\/wp-json\/wp\/v2\/media\/18096"}],"wp:attachment":[{"href":"https:\/\/marouti.ma\/index.php\/wp-json\/wp\/v2\/media?parent=18095"}],"wp:term":[{"taxonomy":"product_cat","embeddable":true,"href":"https:\/\/marouti.ma\/index.php\/wp-json\/wp\/v2\/product_cat?post=18095"},{"taxonomy":"product_tag","embeddable":true,"href":"https:\/\/marouti.ma\/index.php\/wp-json\/wp\/v2\/product_tag?post=18095"}],"curies":[{"name":"wp","href":"https:\/\/api.w.org\/{rel}","templated":true}]}}