{"id":18091,"date":"2025-04-16T11:04:53","date_gmt":"2025-04-16T11:04:53","guid":{"rendered":"https:\/\/marouti.ma\/?post_type=product&#038;p=18091"},"modified":"2025-04-16T11:04:53","modified_gmt":"2025-04-16T11:04:53","slug":"mitigeur-vasque-a-poser","status":"publish","type":"product","link":"https:\/\/marouti.ma\/index.php\/product\/mitigeur-vasque-a-poser\/","title":{"rendered":"Mitigeur Vasque \u00e0 poser"},"content":{"rendered":"<ul>\n<li>un <strong>robinet mitigeur monocommande pour salle de bain<\/strong>, caract\u00e9ris\u00e9 par un design <strong>carr\u00e9<\/strong>, une hauteur <strong>haute<\/strong> et une forme de bec <strong>droit<\/strong>.<\/li>\n<li>Sa finition est <strong>chrom\u00e9e<\/strong>, lui donnant un aspect brillant et moderne.<\/li>\n<li>Mitigeur monocommande. poss\u00e8de une seule manette pour contr\u00f4ler \u00e0 la fois le d\u00e9bit et la temp\u00e9rature de l&rsquo;eau.<\/li>\n<\/ul>\n","protected":false},"excerpt":{"rendered":"<p>un robinet mitigeur monocommande pour salle de bain, caract\u00e9ris\u00e9 par un design carr\u00e9, une hauteur haute et une forme de<\/p>\n","protected":false},"featured_media":18092,"comment_status":"open","ping_status":"closed","template":"","meta":{"_themeisle_gutenberg_block_has_review":false,"_joinchat":[]},"product_cat":[563],"product_tag":[],"_links":{"self":[{"href":"https:\/\/marouti.ma\/index.php\/wp-json\/wp\/v2\/product\/18091"}],"collection":[{"href":"https:\/\/marouti.ma\/index.php\/wp-json\/wp\/v2\/product"}],"about":[{"href":"https:\/\/marouti.ma\/index.php\/wp-json\/wp\/v2\/types\/product"}],"replies":[{"embeddable":true,"href":"https:\/\/marouti.ma\/index.php\/wp-json\/wp\/v2\/comments?post=18091"}],"version-history":[{"count":1,"href":"https:\/\/marouti.ma\/index.php\/wp-json\/wp\/v2\/product\/18091\/revisions"}],"predecessor-version":[{"id":18094,"href":"https:\/\/marouti.ma\/index.php\/wp-json\/wp\/v2\/product\/18091\/revisions\/18094"}],"wp:featuredmedia":[{"embeddable":true,"href":"https:\/\/marouti.ma\/index.php\/wp-json\/wp\/v2\/media\/18092"}],"wp:attachment":[{"href":"https:\/\/marouti.ma\/index.php\/wp-json\/wp\/v2\/media?parent=18091"}],"wp:term":[{"taxonomy":"product_cat","embeddable":true,"href":"https:\/\/marouti.ma\/index.php\/wp-json\/wp\/v2\/product_cat?post=18091"},{"taxonomy":"product_tag","embeddable":true,"href":"https:\/\/marouti.ma\/index.php\/wp-json\/wp\/v2\/product_tag?post=18091"}],"curies":[{"name":"wp","href":"https:\/\/api.w.org\/{rel}","templated":true}]}}