{"id":18087,"date":"2025-04-16T10:43:56","date_gmt":"2025-04-16T10:43:56","guid":{"rendered":"https:\/\/marouti.ma\/?post_type=product&#038;p=18087"},"modified":"2025-04-16T10:43:56","modified_gmt":"2025-04-16T10:43:56","slug":"mitigeur-lavabo-chrome","status":"publish","type":"product","link":"https:\/\/marouti.ma\/index.php\/product\/mitigeur-lavabo-chrome\/","title":{"rendered":"Mitigeur Lavabo Chrom\u00e9"},"content":{"rendered":"<ul>\n<li data-sourcepos=\"5:1-5:117\"><strong>Type de robinet :<\/strong> Mitigeur monocommande (une seule poign\u00e9e pour contr\u00f4ler le d\u00e9bit et la temp\u00e9rature de l&rsquo;eau).<\/li>\n<li data-sourcepos=\"6:1-6:36\"><strong>Destination :<\/strong> Lavabo \/ Vasque.<\/li>\n<li data-sourcepos=\"7:1-7:224\"><strong>Mat\u00e9riau du corps :<\/strong> G\u00e9n\u00e9ralement en acier inoxydable, ce qui lui conf\u00e8re une bonne r\u00e9sistance \u00e0 la corrosion et une apparence moderne.<\/li>\n<li data-sourcepos=\"8:1-8:111\"><strong>Cartouche :<\/strong> \u00c9quip\u00e9 d&rsquo;une cartouche en c\u00e9ramique, assurant une utilisation souple et une bonne \u00e9tanch\u00e9it\u00e9.<\/li>\n<\/ul>\n","protected":false},"excerpt":{"rendered":"<p>Type de robinet : Mitigeur monocommande (une seule poign\u00e9e pour contr\u00f4ler le d\u00e9bit et la temp\u00e9rature de l&rsquo;eau). Destination :<\/p>\n","protected":false},"featured_media":18088,"comment_status":"open","ping_status":"closed","template":"","meta":{"_themeisle_gutenberg_block_has_review":false,"_joinchat":[]},"product_cat":[563],"product_tag":[],"_links":{"self":[{"href":"https:\/\/marouti.ma\/index.php\/wp-json\/wp\/v2\/product\/18087"}],"collection":[{"href":"https:\/\/marouti.ma\/index.php\/wp-json\/wp\/v2\/product"}],"about":[{"href":"https:\/\/marouti.ma\/index.php\/wp-json\/wp\/v2\/types\/product"}],"replies":[{"embeddable":true,"href":"https:\/\/marouti.ma\/index.php\/wp-json\/wp\/v2\/comments?post=18087"}],"version-history":[{"count":1,"href":"https:\/\/marouti.ma\/index.php\/wp-json\/wp\/v2\/product\/18087\/revisions"}],"predecessor-version":[{"id":18090,"href":"https:\/\/marouti.ma\/index.php\/wp-json\/wp\/v2\/product\/18087\/revisions\/18090"}],"wp:featuredmedia":[{"embeddable":true,"href":"https:\/\/marouti.ma\/index.php\/wp-json\/wp\/v2\/media\/18088"}],"wp:attachment":[{"href":"https:\/\/marouti.ma\/index.php\/wp-json\/wp\/v2\/media?parent=18087"}],"wp:term":[{"taxonomy":"product_cat","embeddable":true,"href":"https:\/\/marouti.ma\/index.php\/wp-json\/wp\/v2\/product_cat?post=18087"},{"taxonomy":"product_tag","embeddable":true,"href":"https:\/\/marouti.ma\/index.php\/wp-json\/wp\/v2\/product_tag?post=18087"}],"curies":[{"name":"wp","href":"https:\/\/api.w.org\/{rel}","templated":true}]}}