{"id":18077,"date":"2025-04-15T15:02:40","date_gmt":"2025-04-15T15:02:40","guid":{"rendered":"https:\/\/marouti.ma\/?post_type=product&#038;p=18077"},"modified":"2025-04-15T15:08:34","modified_gmt":"2025-04-15T15:08:34","slug":"etagere-face-verre-aluminium-double-2","status":"publish","type":"product","link":"https:\/\/marouti.ma\/index.php\/product\/etagere-face-verre-aluminium-double-2\/","title":{"rendered":"\u00e9tag\u00e8re face verre aluminium double"},"content":{"rendered":"<ul>\n<li>L&rsquo;\u00e9tag\u00e8re en verre \u00e0 double niveau\u00a0 \u00e9l\u00e9gant et fonctionnel, probablement con\u00e7u pour une salle de bain ou un espace similaire.<\/li>\n<li>Les surfaces des \u00e9tag\u00e8res sont en verre transparent.<\/li>\n<li>Le type de verre n&rsquo;est pas sp\u00e9cifi\u00e9 visuellement, mais il est courant pour ce type de mobilier<\/li>\n<li>L&rsquo;\u00e9tag\u00e8re en verre \u00e0 double niveau est une solution de rangement pratique et esth\u00e9tique pour la salle de bain<\/li>\n<\/ul>\n","protected":false},"excerpt":{"rendered":"<p>L&rsquo;\u00e9tag\u00e8re en verre \u00e0 double niveau\u00a0 \u00e9l\u00e9gant et fonctionnel, probablement con\u00e7u pour une salle de bain ou un espace similaire.<\/p>\n","protected":false},"featured_media":18081,"comment_status":"open","ping_status":"closed","template":"","meta":{"_themeisle_gutenberg_block_has_review":false,"_joinchat":[]},"product_cat":[566,571],"product_tag":[],"_links":{"self":[{"href":"https:\/\/marouti.ma\/index.php\/wp-json\/wp\/v2\/product\/18077"}],"collection":[{"href":"https:\/\/marouti.ma\/index.php\/wp-json\/wp\/v2\/product"}],"about":[{"href":"https:\/\/marouti.ma\/index.php\/wp-json\/wp\/v2\/types\/product"}],"replies":[{"embeddable":true,"href":"https:\/\/marouti.ma\/index.php\/wp-json\/wp\/v2\/comments?post=18077"}],"version-history":[{"count":1,"href":"https:\/\/marouti.ma\/index.php\/wp-json\/wp\/v2\/product\/18077\/revisions"}],"predecessor-version":[{"id":18078,"href":"https:\/\/marouti.ma\/index.php\/wp-json\/wp\/v2\/product\/18077\/revisions\/18078"}],"wp:featuredmedia":[{"embeddable":true,"href":"https:\/\/marouti.ma\/index.php\/wp-json\/wp\/v2\/media\/18081"}],"wp:attachment":[{"href":"https:\/\/marouti.ma\/index.php\/wp-json\/wp\/v2\/media?parent=18077"}],"wp:term":[{"taxonomy":"product_cat","embeddable":true,"href":"https:\/\/marouti.ma\/index.php\/wp-json\/wp\/v2\/product_cat?post=18077"},{"taxonomy":"product_tag","embeddable":true,"href":"https:\/\/marouti.ma\/index.php\/wp-json\/wp\/v2\/product_tag?post=18077"}],"curies":[{"name":"wp","href":"https:\/\/api.w.org\/{rel}","templated":true}]}}