{"id":18065,"date":"2025-04-14T10:53:49","date_gmt":"2025-04-14T10:53:49","guid":{"rendered":"https:\/\/marouti.ma\/?post_type=product&#038;p=18065"},"modified":"2025-04-14T10:53:49","modified_gmt":"2025-04-14T10:53:49","slug":"etagere-face-verre-inox-simple","status":"publish","type":"product","link":"https:\/\/marouti.ma\/index.php\/product\/etagere-face-verre-inox-simple\/","title":{"rendered":"\u00e9tag\u00e8re face verre inox simple"},"content":{"rendered":"<ul>\n<li>un porte-serviettes de salle de bain.<\/li>\n<li>Il est en m\u00e9tal argent\u00e9 et comporte une \u00e9tag\u00e8re en verre d\u00e9poli en dessous de la barre porte-serviettes.<\/li>\n<li>L&rsquo;ensemble est con\u00e7u pour \u00eatre fix\u00e9 au mur.<\/li>\n<\/ul>\n","protected":false},"excerpt":{"rendered":"<p>un porte-serviettes de salle de bain. Il est en m\u00e9tal argent\u00e9 et comporte une \u00e9tag\u00e8re en verre d\u00e9poli en dessous<\/p>\n","protected":false},"featured_media":18066,"comment_status":"open","ping_status":"closed","template":"","meta":{"_themeisle_gutenberg_block_has_review":false,"_joinchat":[]},"product_cat":[566,571],"product_tag":[],"_links":{"self":[{"href":"https:\/\/marouti.ma\/index.php\/wp-json\/wp\/v2\/product\/18065"}],"collection":[{"href":"https:\/\/marouti.ma\/index.php\/wp-json\/wp\/v2\/product"}],"about":[{"href":"https:\/\/marouti.ma\/index.php\/wp-json\/wp\/v2\/types\/product"}],"replies":[{"embeddable":true,"href":"https:\/\/marouti.ma\/index.php\/wp-json\/wp\/v2\/comments?post=18065"}],"version-history":[{"count":1,"href":"https:\/\/marouti.ma\/index.php\/wp-json\/wp\/v2\/product\/18065\/revisions"}],"predecessor-version":[{"id":18068,"href":"https:\/\/marouti.ma\/index.php\/wp-json\/wp\/v2\/product\/18065\/revisions\/18068"}],"wp:featuredmedia":[{"embeddable":true,"href":"https:\/\/marouti.ma\/index.php\/wp-json\/wp\/v2\/media\/18066"}],"wp:attachment":[{"href":"https:\/\/marouti.ma\/index.php\/wp-json\/wp\/v2\/media?parent=18065"}],"wp:term":[{"taxonomy":"product_cat","embeddable":true,"href":"https:\/\/marouti.ma\/index.php\/wp-json\/wp\/v2\/product_cat?post=18065"},{"taxonomy":"product_tag","embeddable":true,"href":"https:\/\/marouti.ma\/index.php\/wp-json\/wp\/v2\/product_tag?post=18065"}],"curies":[{"name":"wp","href":"https:\/\/api.w.org\/{rel}","templated":true}]}}