{"id":18057,"date":"2025-04-14T09:40:30","date_gmt":"2025-04-14T09:40:30","guid":{"rendered":"https:\/\/marouti.ma\/?post_type=product&#038;p=18057"},"modified":"2025-04-14T09:40:30","modified_gmt":"2025-04-14T09:40:30","slug":"etagere-coin-verre-aluminium-triple","status":"publish","type":"product","link":"https:\/\/marouti.ma\/index.php\/product\/etagere-coin-verre-aluminium-triple\/","title":{"rendered":"\u00e9tag\u00e8re coin verre aluminium triple"},"content":{"rendered":"<ul>\n<li>une \u00e9tag\u00e8re d&rsquo;angle \u00e0 trois niveaux pour salle de bain.<\/li>\n<li>Elle est con\u00e7ue pour \u00eatre fix\u00e9e au mur et est fabriqu\u00e9e en verre avec une structure m\u00e9tallique.<\/li>\n<li>Chaque niveau de l&rsquo;\u00e9tag\u00e8re a une forme triangulaire pour s&rsquo;adapter aux coins.<\/li>\n<li>Elle semble \u00eatre une solution de rangement pour les articles de salle de bain.<\/li>\n<\/ul>\n","protected":false},"excerpt":{"rendered":"<p>une \u00e9tag\u00e8re d&rsquo;angle \u00e0 trois niveaux pour salle de bain. Elle est con\u00e7ue pour \u00eatre fix\u00e9e au mur et est<\/p>\n","protected":false},"featured_media":18058,"comment_status":"open","ping_status":"closed","template":"","meta":{"_themeisle_gutenberg_block_has_review":false,"_joinchat":[]},"product_cat":[566,571],"product_tag":[],"_links":{"self":[{"href":"https:\/\/marouti.ma\/index.php\/wp-json\/wp\/v2\/product\/18057"}],"collection":[{"href":"https:\/\/marouti.ma\/index.php\/wp-json\/wp\/v2\/product"}],"about":[{"href":"https:\/\/marouti.ma\/index.php\/wp-json\/wp\/v2\/types\/product"}],"replies":[{"embeddable":true,"href":"https:\/\/marouti.ma\/index.php\/wp-json\/wp\/v2\/comments?post=18057"}],"version-history":[{"count":1,"href":"https:\/\/marouti.ma\/index.php\/wp-json\/wp\/v2\/product\/18057\/revisions"}],"predecessor-version":[{"id":18060,"href":"https:\/\/marouti.ma\/index.php\/wp-json\/wp\/v2\/product\/18057\/revisions\/18060"}],"wp:featuredmedia":[{"embeddable":true,"href":"https:\/\/marouti.ma\/index.php\/wp-json\/wp\/v2\/media\/18058"}],"wp:attachment":[{"href":"https:\/\/marouti.ma\/index.php\/wp-json\/wp\/v2\/media?parent=18057"}],"wp:term":[{"taxonomy":"product_cat","embeddable":true,"href":"https:\/\/marouti.ma\/index.php\/wp-json\/wp\/v2\/product_cat?post=18057"},{"taxonomy":"product_tag","embeddable":true,"href":"https:\/\/marouti.ma\/index.php\/wp-json\/wp\/v2\/product_tag?post=18057"}],"curies":[{"name":"wp","href":"https:\/\/api.w.org\/{rel}","templated":true}]}}