{"id":18054,"date":"2025-04-14T09:29:55","date_gmt":"2025-04-14T09:29:55","guid":{"rendered":"https:\/\/marouti.ma\/?post_type=product&#038;p=18054"},"modified":"2025-04-14T09:29:56","modified_gmt":"2025-04-14T09:29:56","slug":"etagere-face-verre-aluminium-double-noir","status":"publish","type":"product","link":"https:\/\/marouti.ma\/index.php\/product\/etagere-face-verre-aluminium-double-noir\/","title":{"rendered":"\u00e9tag\u00e8re face verre aluminium double noir"},"content":{"rendered":"<ul>\n<li data-sourcepos=\"9:5-9:93\"><strong>\u00c9tag\u00e8res :<\/strong> En verre transparent, offrant une surface \u00e9l\u00e9gante et facile \u00e0 nettoyer.<\/li>\n<li data-sourcepos=\"10:5-10:119\"><strong>Structure et supports :<\/strong> En m\u00e9tal de couleur noire, cr\u00e9ant un contraste moderne avec le verre et le mur clair.<\/li>\n<li data-sourcepos=\"10:5-10:119\">une \u00e9tag\u00e8re de salle de bain pratique et esth\u00e9tique, id\u00e9ale pour optimiser l&rsquo;espace et organiser les produits de toilette pr\u00e8s du lavabo ou dans la douche.<\/li>\n<\/ul>\n","protected":false},"excerpt":{"rendered":"<p>\u00c9tag\u00e8res : En verre transparent, offrant une surface \u00e9l\u00e9gante et facile \u00e0 nettoyer. Structure et supports : En m\u00e9tal de<\/p>\n","protected":false},"featured_media":18055,"comment_status":"open","ping_status":"closed","template":"","meta":{"_themeisle_gutenberg_block_has_review":false,"_joinchat":[]},"product_cat":[566,571],"product_tag":[],"_links":{"self":[{"href":"https:\/\/marouti.ma\/index.php\/wp-json\/wp\/v2\/product\/18054"}],"collection":[{"href":"https:\/\/marouti.ma\/index.php\/wp-json\/wp\/v2\/product"}],"about":[{"href":"https:\/\/marouti.ma\/index.php\/wp-json\/wp\/v2\/types\/product"}],"replies":[{"embeddable":true,"href":"https:\/\/marouti.ma\/index.php\/wp-json\/wp\/v2\/comments?post=18054"}],"version-history":[{"count":1,"href":"https:\/\/marouti.ma\/index.php\/wp-json\/wp\/v2\/product\/18054\/revisions"}],"predecessor-version":[{"id":18056,"href":"https:\/\/marouti.ma\/index.php\/wp-json\/wp\/v2\/product\/18054\/revisions\/18056"}],"wp:featuredmedia":[{"embeddable":true,"href":"https:\/\/marouti.ma\/index.php\/wp-json\/wp\/v2\/media\/18055"}],"wp:attachment":[{"href":"https:\/\/marouti.ma\/index.php\/wp-json\/wp\/v2\/media?parent=18054"}],"wp:term":[{"taxonomy":"product_cat","embeddable":true,"href":"https:\/\/marouti.ma\/index.php\/wp-json\/wp\/v2\/product_cat?post=18054"},{"taxonomy":"product_tag","embeddable":true,"href":"https:\/\/marouti.ma\/index.php\/wp-json\/wp\/v2\/product_tag?post=18054"}],"curies":[{"name":"wp","href":"https:\/\/api.w.org\/{rel}","templated":true}]}}