{"id":18050,"date":"2025-04-14T09:14:54","date_gmt":"2025-04-14T09:14:54","guid":{"rendered":"https:\/\/marouti.ma\/?post_type=product&#038;p=18050"},"modified":"2025-04-14T09:16:52","modified_gmt":"2025-04-14T09:16:52","slug":"etagere-face-verre-aluminium-double","status":"publish","type":"product","link":"https:\/\/marouti.ma\/index.php\/product\/etagere-face-verre-aluminium-double\/","title":{"rendered":"\u00e9tagere face verre aluminium double"},"content":{"rendered":"<ul>\n<li>une \u00e9tag\u00e8re de salle de bain \u00e0 double niveau en verre avec une barre porte-serviettes.<\/li>\n<li>Cette \u00e9tag\u00e8re est un accessoire de salle de bain fonctionnel qui offre \u00e0 la fois un espace de rangement pour les articles de toilette<\/li>\n<li>Une barre horizontale en m\u00e9tal chrom\u00e9 est situ\u00e9e sous l&rsquo;\u00e9tag\u00e8re inf\u00e9rieure, permettant de suspendre une ou plusieurs serviettes.<\/li>\n<\/ul>\n","protected":false},"excerpt":{"rendered":"<p>une \u00e9tag\u00e8re de salle de bain \u00e0 double niveau en verre avec une barre porte-serviettes. Cette \u00e9tag\u00e8re est un accessoire<\/p>\n","protected":false},"featured_media":18052,"comment_status":"open","ping_status":"closed","template":"","meta":{"_themeisle_gutenberg_block_has_review":false,"_joinchat":[]},"product_cat":[566,571],"product_tag":[],"_links":{"self":[{"href":"https:\/\/marouti.ma\/index.php\/wp-json\/wp\/v2\/product\/18050"}],"collection":[{"href":"https:\/\/marouti.ma\/index.php\/wp-json\/wp\/v2\/product"}],"about":[{"href":"https:\/\/marouti.ma\/index.php\/wp-json\/wp\/v2\/types\/product"}],"replies":[{"embeddable":true,"href":"https:\/\/marouti.ma\/index.php\/wp-json\/wp\/v2\/comments?post=18050"}],"version-history":[{"count":1,"href":"https:\/\/marouti.ma\/index.php\/wp-json\/wp\/v2\/product\/18050\/revisions"}],"predecessor-version":[{"id":18051,"href":"https:\/\/marouti.ma\/index.php\/wp-json\/wp\/v2\/product\/18050\/revisions\/18051"}],"wp:featuredmedia":[{"embeddable":true,"href":"https:\/\/marouti.ma\/index.php\/wp-json\/wp\/v2\/media\/18052"}],"wp:attachment":[{"href":"https:\/\/marouti.ma\/index.php\/wp-json\/wp\/v2\/media?parent=18050"}],"wp:term":[{"taxonomy":"product_cat","embeddable":true,"href":"https:\/\/marouti.ma\/index.php\/wp-json\/wp\/v2\/product_cat?post=18050"},{"taxonomy":"product_tag","embeddable":true,"href":"https:\/\/marouti.ma\/index.php\/wp-json\/wp\/v2\/product_tag?post=18050"}],"curies":[{"name":"wp","href":"https:\/\/api.w.org\/{rel}","templated":true}]}}