{"id":18046,"date":"2025-04-14T09:06:54","date_gmt":"2025-04-14T09:06:54","guid":{"rendered":"https:\/\/marouti.ma\/?post_type=product&#038;p=18046"},"modified":"2025-04-14T09:06:54","modified_gmt":"2025-04-14T09:06:54","slug":"etagere-coin-simple-inox-grille-3","status":"publish","type":"product","link":"https:\/\/marouti.ma\/index.php\/product\/etagere-coin-simple-inox-grille-3\/","title":{"rendered":"\u00e9tag\u00e8re coin simple inox grille"},"content":{"rendered":"<ul>\n<li>une \u00e9tag\u00e8re de coin simple en inox grille de la marque M.arti.<\/li>\n<li>Inox (acier inoxydable), ce qui la rend r\u00e9sistante \u00e0 la corrosion et facile \u00e0 nettoyer, id\u00e9ale pour une utilisation dans la salle de bain ou la douche.<\/li>\n<li>Constitu\u00e9e de fines tiges de m\u00e9tal parall\u00e8les formant une grille, permettant \u00e0 l&rsquo;eau de s&rsquo;\u00e9couler et aux articles de s\u00e9cher.<\/li>\n<\/ul>\n","protected":false},"excerpt":{"rendered":"<p>une \u00e9tag\u00e8re de coin simple en inox grille de la marque M.arti. Inox (acier inoxydable), ce qui la rend r\u00e9sistante<\/p>\n","protected":false},"featured_media":18048,"comment_status":"open","ping_status":"closed","template":"","meta":{"_themeisle_gutenberg_block_has_review":false,"_joinchat":[]},"product_cat":[566,571],"product_tag":[],"_links":{"self":[{"href":"https:\/\/marouti.ma\/index.php\/wp-json\/wp\/v2\/product\/18046"}],"collection":[{"href":"https:\/\/marouti.ma\/index.php\/wp-json\/wp\/v2\/product"}],"about":[{"href":"https:\/\/marouti.ma\/index.php\/wp-json\/wp\/v2\/types\/product"}],"replies":[{"embeddable":true,"href":"https:\/\/marouti.ma\/index.php\/wp-json\/wp\/v2\/comments?post=18046"}],"version-history":[{"count":1,"href":"https:\/\/marouti.ma\/index.php\/wp-json\/wp\/v2\/product\/18046\/revisions"}],"predecessor-version":[{"id":18049,"href":"https:\/\/marouti.ma\/index.php\/wp-json\/wp\/v2\/product\/18046\/revisions\/18049"}],"wp:featuredmedia":[{"embeddable":true,"href":"https:\/\/marouti.ma\/index.php\/wp-json\/wp\/v2\/media\/18048"}],"wp:attachment":[{"href":"https:\/\/marouti.ma\/index.php\/wp-json\/wp\/v2\/media?parent=18046"}],"wp:term":[{"taxonomy":"product_cat","embeddable":true,"href":"https:\/\/marouti.ma\/index.php\/wp-json\/wp\/v2\/product_cat?post=18046"},{"taxonomy":"product_tag","embeddable":true,"href":"https:\/\/marouti.ma\/index.php\/wp-json\/wp\/v2\/product_tag?post=18046"}],"curies":[{"name":"wp","href":"https:\/\/api.w.org\/{rel}","templated":true}]}}