{"id":18034,"date":"2025-04-14T08:34:32","date_gmt":"2025-04-14T08:34:32","guid":{"rendered":"https:\/\/marouti.ma\/?post_type=product&#038;p=18034"},"modified":"2025-04-14T08:34:32","modified_gmt":"2025-04-14T08:34:32","slug":"etagere-face-double-inox-grille","status":"publish","type":"product","link":"https:\/\/marouti.ma\/index.php\/product\/etagere-face-double-inox-grille\/","title":{"rendered":"\u00e9tag\u00e8re face double inox grille"},"content":{"rendered":"<ul>\n<li>ne \u00e9tag\u00e8re de salle de bain \u00e0 deux niveaux, con\u00e7ue pour \u00eatre fix\u00e9e au mur, probablement dans un coin \u00e9tant donn\u00e9 sa forme<\/li>\n<li>L&rsquo;\u00e9tag\u00e8re se compose de deux paniers rectangulaires ouverts, permettant \u00e0 l&rsquo;eau de s&rsquo;\u00e9couler, ce qui est id\u00e9al pour une utilisation dans la douche ou pr\u00e8s du lavabo.<\/li>\n<li>Le style est fonctionnel et hygi\u00e9nique, typique des accessoires de salle de bain.<\/li>\n<li>Le mat\u00e9riau chrom\u00e9 sugg\u00e8re une r\u00e9sistance \u00e0 la corrosion dans un environnement humide.<\/li>\n<\/ul>\n","protected":false},"excerpt":{"rendered":"<p>ne \u00e9tag\u00e8re de salle de bain \u00e0 deux niveaux, con\u00e7ue pour \u00eatre fix\u00e9e au mur, probablement dans un coin \u00e9tant<\/p>\n","protected":false},"featured_media":18035,"comment_status":"open","ping_status":"closed","template":"","meta":{"_themeisle_gutenberg_block_has_review":false,"_joinchat":[]},"product_cat":[566,571],"product_tag":[],"_links":{"self":[{"href":"https:\/\/marouti.ma\/index.php\/wp-json\/wp\/v2\/product\/18034"}],"collection":[{"href":"https:\/\/marouti.ma\/index.php\/wp-json\/wp\/v2\/product"}],"about":[{"href":"https:\/\/marouti.ma\/index.php\/wp-json\/wp\/v2\/types\/product"}],"replies":[{"embeddable":true,"href":"https:\/\/marouti.ma\/index.php\/wp-json\/wp\/v2\/comments?post=18034"}],"version-history":[{"count":1,"href":"https:\/\/marouti.ma\/index.php\/wp-json\/wp\/v2\/product\/18034\/revisions"}],"predecessor-version":[{"id":18036,"href":"https:\/\/marouti.ma\/index.php\/wp-json\/wp\/v2\/product\/18034\/revisions\/18036"}],"wp:featuredmedia":[{"embeddable":true,"href":"https:\/\/marouti.ma\/index.php\/wp-json\/wp\/v2\/media\/18035"}],"wp:attachment":[{"href":"https:\/\/marouti.ma\/index.php\/wp-json\/wp\/v2\/media?parent=18034"}],"wp:term":[{"taxonomy":"product_cat","embeddable":true,"href":"https:\/\/marouti.ma\/index.php\/wp-json\/wp\/v2\/product_cat?post=18034"},{"taxonomy":"product_tag","embeddable":true,"href":"https:\/\/marouti.ma\/index.php\/wp-json\/wp\/v2\/product_tag?post=18034"}],"curies":[{"name":"wp","href":"https:\/\/api.w.org\/{rel}","templated":true}]}}