{"id":18025,"date":"2025-04-12T11:02:03","date_gmt":"2025-04-12T11:02:03","guid":{"rendered":"https:\/\/marouti.ma\/?post_type=product&#038;p=18025"},"modified":"2025-04-12T11:02:04","modified_gmt":"2025-04-12T11:02:04","slug":"poubelle-inox-carre-12l-4","status":"publish","type":"product","link":"https:\/\/marouti.ma\/index.php\/product\/poubelle-inox-carre-12l-4\/","title":{"rendered":"poubelle inox carr\u00e9 12L"},"content":{"rendered":"<ul>\n<li>La poubelle a une forme rectangulaire avec des bords l\u00e9g\u00e8rement arrondis. Elle est fabriqu\u00e9e en acier inoxydable bross\u00e9<\/li>\n<li>La poubelle est ouverte sur le dessus, sans couvercle visible. Cela permet de jeter facilement les d\u00e9chets sans avoir \u00e0 actionner de m\u00e9canisme.<\/li>\n<li>Le design est simple et fonctionnel, adapt\u00e9 \u00e0 une utilisation quotidienne pour les d\u00e9chets de bureau ou domestiques.<\/li>\n<\/ul>\n","protected":false},"excerpt":{"rendered":"<p>La poubelle a une forme rectangulaire avec des bords l\u00e9g\u00e8rement arrondis. Elle est fabriqu\u00e9e en acier inoxydable bross\u00e9 La poubelle<\/p>\n","protected":false},"featured_media":18027,"comment_status":"open","ping_status":"closed","template":"","meta":{"_themeisle_gutenberg_block_has_review":false,"_joinchat":[]},"product_cat":[566,570],"product_tag":[],"_links":{"self":[{"href":"https:\/\/marouti.ma\/index.php\/wp-json\/wp\/v2\/product\/18025"}],"collection":[{"href":"https:\/\/marouti.ma\/index.php\/wp-json\/wp\/v2\/product"}],"about":[{"href":"https:\/\/marouti.ma\/index.php\/wp-json\/wp\/v2\/types\/product"}],"replies":[{"embeddable":true,"href":"https:\/\/marouti.ma\/index.php\/wp-json\/wp\/v2\/comments?post=18025"}],"version-history":[{"count":1,"href":"https:\/\/marouti.ma\/index.php\/wp-json\/wp\/v2\/product\/18025\/revisions"}],"predecessor-version":[{"id":18028,"href":"https:\/\/marouti.ma\/index.php\/wp-json\/wp\/v2\/product\/18025\/revisions\/18028"}],"wp:featuredmedia":[{"embeddable":true,"href":"https:\/\/marouti.ma\/index.php\/wp-json\/wp\/v2\/media\/18027"}],"wp:attachment":[{"href":"https:\/\/marouti.ma\/index.php\/wp-json\/wp\/v2\/media?parent=18025"}],"wp:term":[{"taxonomy":"product_cat","embeddable":true,"href":"https:\/\/marouti.ma\/index.php\/wp-json\/wp\/v2\/product_cat?post=18025"},{"taxonomy":"product_tag","embeddable":true,"href":"https:\/\/marouti.ma\/index.php\/wp-json\/wp\/v2\/product_tag?post=18025"}],"curies":[{"name":"wp","href":"https:\/\/api.w.org\/{rel}","templated":true}]}}