{"id":18019,"date":"2025-04-12T10:56:15","date_gmt":"2025-04-12T10:56:15","guid":{"rendered":"https:\/\/marouti.ma\/?post_type=product&#038;p=18019"},"modified":"2025-04-12T10:57:08","modified_gmt":"2025-04-12T10:57:08","slug":"poubelle-inox-carre-12l-3","status":"publish","type":"product","link":"https:\/\/marouti.ma\/index.php\/product\/poubelle-inox-carre-12l-3\/","title":{"rendered":"poubelle inox carr\u00e9 8L"},"content":{"rendered":"<ul>\n<li>une poubelle rectangulaire ouverte en acier inoxydable.<\/li>\n<li>La poubelle est ouverte sur le dessus, sans couvercle visible. Cela permet de jeter facilement les d\u00e9chets sans avoir \u00e0 actionner de m\u00e9canisme.<\/li>\n<li>Le design est simple et fonctionnel, typique des poubelles destin\u00e9es \u00e0 une utilisation dans des bureaux, des cuisines ou d&rsquo;autres espaces<\/li>\n<\/ul>\n","protected":false},"excerpt":{"rendered":"<p>une poubelle rectangulaire ouverte en acier inoxydable. La poubelle est ouverte sur le dessus, sans couvercle visible. Cela permet de<\/p>\n","protected":false},"featured_media":18021,"comment_status":"open","ping_status":"closed","template":"","meta":{"_themeisle_gutenberg_block_has_review":false,"_joinchat":[]},"product_cat":[566,570],"product_tag":[],"_links":{"self":[{"href":"https:\/\/marouti.ma\/index.php\/wp-json\/wp\/v2\/product\/18019"}],"collection":[{"href":"https:\/\/marouti.ma\/index.php\/wp-json\/wp\/v2\/product"}],"about":[{"href":"https:\/\/marouti.ma\/index.php\/wp-json\/wp\/v2\/types\/product"}],"replies":[{"embeddable":true,"href":"https:\/\/marouti.ma\/index.php\/wp-json\/wp\/v2\/comments?post=18019"}],"version-history":[{"count":2,"href":"https:\/\/marouti.ma\/index.php\/wp-json\/wp\/v2\/product\/18019\/revisions"}],"predecessor-version":[{"id":18024,"href":"https:\/\/marouti.ma\/index.php\/wp-json\/wp\/v2\/product\/18019\/revisions\/18024"}],"wp:featuredmedia":[{"embeddable":true,"href":"https:\/\/marouti.ma\/index.php\/wp-json\/wp\/v2\/media\/18021"}],"wp:attachment":[{"href":"https:\/\/marouti.ma\/index.php\/wp-json\/wp\/v2\/media?parent=18019"}],"wp:term":[{"taxonomy":"product_cat","embeddable":true,"href":"https:\/\/marouti.ma\/index.php\/wp-json\/wp\/v2\/product_cat?post=18019"},{"taxonomy":"product_tag","embeddable":true,"href":"https:\/\/marouti.ma\/index.php\/wp-json\/wp\/v2\/product_tag?post=18019"}],"curies":[{"name":"wp","href":"https:\/\/api.w.org\/{rel}","templated":true}]}}