{"id":18016,"date":"2025-04-12T09:35:47","date_gmt":"2025-04-12T09:35:47","guid":{"rendered":"https:\/\/marouti.ma\/?post_type=product&#038;p=18016"},"modified":"2025-04-12T09:35:47","modified_gmt":"2025-04-12T09:35:47","slug":"poubelle-inox-carre-12l-2","status":"publish","type":"product","link":"https:\/\/marouti.ma\/index.php\/product\/poubelle-inox-carre-12l-2\/","title":{"rendered":"poubelle inox carr\u00e9 12L"},"content":{"rendered":"<ul>\n<li>une poubelle rectangulaire en acier inoxydable avec une p\u00e9dale et une poign\u00e9e.<\/li>\n<li>Elle est fabriqu\u00e9e en acier inoxydable bross\u00e9, lui donnant un aspect moderne et r\u00e9sistant aux traces de doigts.<\/li>\n<li>Le design est fonctionnel et \u00e9l\u00e9gant, adapt\u00e9 \u00e0 une utilisation dans divers environnements tels que les salles de bain, les cuisines ou les bureaux<\/li>\n<\/ul>\n","protected":false},"excerpt":{"rendered":"<p>une poubelle rectangulaire en acier inoxydable avec une p\u00e9dale et une poign\u00e9e. Elle est fabriqu\u00e9e en acier inoxydable bross\u00e9, lui<\/p>\n","protected":false},"featured_media":18017,"comment_status":"open","ping_status":"closed","template":"","meta":{"_themeisle_gutenberg_block_has_review":false,"_joinchat":[]},"product_cat":[566,570],"product_tag":[],"_links":{"self":[{"href":"https:\/\/marouti.ma\/index.php\/wp-json\/wp\/v2\/product\/18016"}],"collection":[{"href":"https:\/\/marouti.ma\/index.php\/wp-json\/wp\/v2\/product"}],"about":[{"href":"https:\/\/marouti.ma\/index.php\/wp-json\/wp\/v2\/types\/product"}],"replies":[{"embeddable":true,"href":"https:\/\/marouti.ma\/index.php\/wp-json\/wp\/v2\/comments?post=18016"}],"version-history":[{"count":1,"href":"https:\/\/marouti.ma\/index.php\/wp-json\/wp\/v2\/product\/18016\/revisions"}],"predecessor-version":[{"id":18018,"href":"https:\/\/marouti.ma\/index.php\/wp-json\/wp\/v2\/product\/18016\/revisions\/18018"}],"wp:featuredmedia":[{"embeddable":true,"href":"https:\/\/marouti.ma\/index.php\/wp-json\/wp\/v2\/media\/18017"}],"wp:attachment":[{"href":"https:\/\/marouti.ma\/index.php\/wp-json\/wp\/v2\/media?parent=18016"}],"wp:term":[{"taxonomy":"product_cat","embeddable":true,"href":"https:\/\/marouti.ma\/index.php\/wp-json\/wp\/v2\/product_cat?post=18016"},{"taxonomy":"product_tag","embeddable":true,"href":"https:\/\/marouti.ma\/index.php\/wp-json\/wp\/v2\/product_tag?post=18016"}],"curies":[{"name":"wp","href":"https:\/\/api.w.org\/{rel}","templated":true}]}}