{"id":18013,"date":"2025-04-12T09:28:08","date_gmt":"2025-04-12T09:28:08","guid":{"rendered":"https:\/\/marouti.ma\/?post_type=product&#038;p=18013"},"modified":"2025-04-12T09:28:27","modified_gmt":"2025-04-12T09:28:27","slug":"poubelle-inox-5l","status":"publish","type":"product","link":"https:\/\/marouti.ma\/index.php\/product\/poubelle-inox-5l\/","title":{"rendered":"poubelle inox 5L"},"content":{"rendered":"<ul>\n<li>La poubelle a une forme cylindrique classique et est fabriqu\u00e9e en acier inoxydable brillant, lui donnant un aspect moderne et facile \u00e0 nettoyer<\/li>\n<li>Le couvercle est \u00e9galement en acier inoxydable et pr\u00e9sente un design pivotant.<\/li>\n<li>Le design est simple et \u00e9pur\u00e9, typique des poubelles destin\u00e9es \u00e0 une utilisation int\u00e9rieure, comme dans une salle de bain, une cuisine ou un bureau<\/li>\n<\/ul>\n","protected":false},"excerpt":{"rendered":"<p>La poubelle a une forme cylindrique classique et est fabriqu\u00e9e en acier inoxydable brillant, lui donnant un aspect moderne et<\/p>\n","protected":false},"featured_media":18014,"comment_status":"open","ping_status":"closed","template":"","meta":{"_themeisle_gutenberg_block_has_review":false,"_joinchat":[]},"product_cat":[566,570],"product_tag":[],"_links":{"self":[{"href":"https:\/\/marouti.ma\/index.php\/wp-json\/wp\/v2\/product\/18013"}],"collection":[{"href":"https:\/\/marouti.ma\/index.php\/wp-json\/wp\/v2\/product"}],"about":[{"href":"https:\/\/marouti.ma\/index.php\/wp-json\/wp\/v2\/types\/product"}],"replies":[{"embeddable":true,"href":"https:\/\/marouti.ma\/index.php\/wp-json\/wp\/v2\/comments?post=18013"}],"version-history":[{"count":1,"href":"https:\/\/marouti.ma\/index.php\/wp-json\/wp\/v2\/product\/18013\/revisions"}],"predecessor-version":[{"id":18015,"href":"https:\/\/marouti.ma\/index.php\/wp-json\/wp\/v2\/product\/18013\/revisions\/18015"}],"wp:featuredmedia":[{"embeddable":true,"href":"https:\/\/marouti.ma\/index.php\/wp-json\/wp\/v2\/media\/18014"}],"wp:attachment":[{"href":"https:\/\/marouti.ma\/index.php\/wp-json\/wp\/v2\/media?parent=18013"}],"wp:term":[{"taxonomy":"product_cat","embeddable":true,"href":"https:\/\/marouti.ma\/index.php\/wp-json\/wp\/v2\/product_cat?post=18013"},{"taxonomy":"product_tag","embeddable":true,"href":"https:\/\/marouti.ma\/index.php\/wp-json\/wp\/v2\/product_tag?post=18013"}],"curies":[{"name":"wp","href":"https:\/\/api.w.org\/{rel}","templated":true}]}}