{"id":18010,"date":"2025-04-12T09:22:27","date_gmt":"2025-04-12T09:22:27","guid":{"rendered":"https:\/\/marouti.ma\/?post_type=product&#038;p=18010"},"modified":"2025-04-12T09:22:46","modified_gmt":"2025-04-12T09:22:46","slug":"poubelle-inox-12l","status":"publish","type":"product","link":"https:\/\/marouti.ma\/index.php\/product\/poubelle-inox-12l\/","title":{"rendered":"poubelle inox 12L"},"content":{"rendered":"<ul>\n<li>une poubelle ronde en acier inoxydable d&rsquo;une capacit\u00e9 de 12 litres.<\/li>\n<li>Elle est \u00e9quip\u00e9e d&rsquo;une p\u00e9dale \u00e0 la base pour une ouverture du couvercle sans les mains.<\/li>\n<\/ul>\n","protected":false},"excerpt":{"rendered":"<p>une poubelle ronde en acier inoxydable d&rsquo;une capacit\u00e9 de 12 litres. Elle est \u00e9quip\u00e9e d&rsquo;une p\u00e9dale \u00e0 la base pour<\/p>\n","protected":false},"featured_media":18011,"comment_status":"open","ping_status":"closed","template":"","meta":{"_themeisle_gutenberg_block_has_review":false,"_joinchat":[]},"product_cat":[566,570],"product_tag":[],"_links":{"self":[{"href":"https:\/\/marouti.ma\/index.php\/wp-json\/wp\/v2\/product\/18010"}],"collection":[{"href":"https:\/\/marouti.ma\/index.php\/wp-json\/wp\/v2\/product"}],"about":[{"href":"https:\/\/marouti.ma\/index.php\/wp-json\/wp\/v2\/types\/product"}],"replies":[{"embeddable":true,"href":"https:\/\/marouti.ma\/index.php\/wp-json\/wp\/v2\/comments?post=18010"}],"version-history":[{"count":1,"href":"https:\/\/marouti.ma\/index.php\/wp-json\/wp\/v2\/product\/18010\/revisions"}],"predecessor-version":[{"id":18012,"href":"https:\/\/marouti.ma\/index.php\/wp-json\/wp\/v2\/product\/18010\/revisions\/18012"}],"wp:featuredmedia":[{"embeddable":true,"href":"https:\/\/marouti.ma\/index.php\/wp-json\/wp\/v2\/media\/18011"}],"wp:attachment":[{"href":"https:\/\/marouti.ma\/index.php\/wp-json\/wp\/v2\/media?parent=18010"}],"wp:term":[{"taxonomy":"product_cat","embeddable":true,"href":"https:\/\/marouti.ma\/index.php\/wp-json\/wp\/v2\/product_cat?post=18010"},{"taxonomy":"product_tag","embeddable":true,"href":"https:\/\/marouti.ma\/index.php\/wp-json\/wp\/v2\/product_tag?post=18010"}],"curies":[{"name":"wp","href":"https:\/\/api.w.org\/{rel}","templated":true}]}}