{"id":18006,"date":"2025-04-12T09:16:35","date_gmt":"2025-04-12T09:16:35","guid":{"rendered":"https:\/\/marouti.ma\/?post_type=product&#038;p=18006"},"modified":"2025-04-12T09:16:35","modified_gmt":"2025-04-12T09:16:35","slug":"poubelle-inox-7l","status":"publish","type":"product","link":"https:\/\/marouti.ma\/index.php\/product\/poubelle-inox-7l\/","title":{"rendered":"poubelle inox 7L"},"content":{"rendered":"<ul>\n<li>La poubelle a une forme cylindrique avec un sommet l\u00e9g\u00e8rement ovale.<\/li>\n<li data-sourcepos=\"3:1-3:275\">Elle semble \u00eatre principalement fabriqu\u00e9e en acier inoxydable bross\u00e9, lui donnant un aspect moderne et hygi\u00e9nique. .<\/li>\n<li>La poubelle est \u00e9quip\u00e9e d&rsquo;une petite p\u00e9dale en plastique noir situ\u00e9e \u00e0 l&rsquo;avant.<\/li>\n<li>Cette p\u00e9dale permet d&rsquo;ouvrir le couvercle en l&rsquo;actionnant avec le pied, offrant ainsi une solution mains libres pour jeter les d\u00e9chets.<\/li>\n<\/ul>\n","protected":false},"excerpt":{"rendered":"<p>La poubelle a une forme cylindrique avec un sommet l\u00e9g\u00e8rement ovale. Elle semble \u00eatre principalement fabriqu\u00e9e en acier inoxydable bross\u00e9,<\/p>\n","protected":false},"featured_media":18008,"comment_status":"open","ping_status":"closed","template":"","meta":{"_themeisle_gutenberg_block_has_review":false,"_joinchat":[]},"product_cat":[566,570],"product_tag":[],"_links":{"self":[{"href":"https:\/\/marouti.ma\/index.php\/wp-json\/wp\/v2\/product\/18006"}],"collection":[{"href":"https:\/\/marouti.ma\/index.php\/wp-json\/wp\/v2\/product"}],"about":[{"href":"https:\/\/marouti.ma\/index.php\/wp-json\/wp\/v2\/types\/product"}],"replies":[{"embeddable":true,"href":"https:\/\/marouti.ma\/index.php\/wp-json\/wp\/v2\/comments?post=18006"}],"version-history":[{"count":1,"href":"https:\/\/marouti.ma\/index.php\/wp-json\/wp\/v2\/product\/18006\/revisions"}],"predecessor-version":[{"id":18009,"href":"https:\/\/marouti.ma\/index.php\/wp-json\/wp\/v2\/product\/18006\/revisions\/18009"}],"wp:featuredmedia":[{"embeddable":true,"href":"https:\/\/marouti.ma\/index.php\/wp-json\/wp\/v2\/media\/18008"}],"wp:attachment":[{"href":"https:\/\/marouti.ma\/index.php\/wp-json\/wp\/v2\/media?parent=18006"}],"wp:term":[{"taxonomy":"product_cat","embeddable":true,"href":"https:\/\/marouti.ma\/index.php\/wp-json\/wp\/v2\/product_cat?post=18006"},{"taxonomy":"product_tag","embeddable":true,"href":"https:\/\/marouti.ma\/index.php\/wp-json\/wp\/v2\/product_tag?post=18006"}],"curies":[{"name":"wp","href":"https:\/\/api.w.org\/{rel}","templated":true}]}}